{"id":32856,"date":"2021-05-19T07:22:27","date_gmt":"2021-05-19T07:22:27","guid":{"rendered":"http:\/\/vinosnavarra.com\/quienes-somos\/"},"modified":"2024-10-29T10:44:34","modified_gmt":"2024-10-29T10:44:34","slug":"heim-praesentation","status":"publish","type":"page","link":"https:\/\/vinosnavarra.com\/de\/heim-praesentation\/","title":{"rendered":"PR\u00c4SENTATION"},"content":{"rendered":"\t\t<div data-elementor-type=\"wp-page\" data-elementor-id=\"32856\" class=\"elementor elementor-32856 elementor-31430\" data-elementor-settings=\"[]\">\n\t\t\t\t\t\t\t<div class=\"elementor-section-wrap\">\n\t\t\t\t\t\t\t<section class=\"elementor-section elementor-top-section elementor-element elementor-element-9d7906b elementor-section-full_width elementor-section-height-min-height elementor-section-content-top elementor-section-height-default elementor-section-items-middle\" data-id=\"9d7906b\" data-element_type=\"section\" data-settings=\"{&quot;shape_divider_bottom&quot;:&quot;mountains&quot;,&quot;background_background&quot;:&quot;classic&quot;}\">\n\t\t\t\t\t\t\t<div class=\"elementor-background-overlay\"><\/div>\n\t\t\t\t\t\t<div class=\"elementor-shape elementor-shape-bottom\" data-negative=\"false\">\n\t\t\t<svg xmlns=\"http:\/\/www.w3.org\/2000\/svg\" viewBox=\"0 0 1000 100\" preserveAspectRatio=\"none\">\n\t<path class=\"elementor-shape-fill\" opacity=\"0.33\" d=\"M473,67.3c-203.9,88.3-263.1-34-320.3,0C66,119.1,0,59.7,0,59.7V0h1000v59.7 c0,0-62.1,26.1-94.9,29.3c-32.8,3.3-62.8-12.3-75.8-22.1C806,49.6,745.3,8.7,694.9,4.7S492.4,59,473,67.3z\"\/>\n\t<path class=\"elementor-shape-fill\" opacity=\"0.66\" d=\"M734,67.3c-45.5,0-77.2-23.2-129.1-39.1c-28.6-8.7-150.3-10.1-254,39.1 s-91.7-34.4-149.2,0C115.7,118.3,0,39.8,0,39.8V0h1000v36.5c0,0-28.2-18.5-92.1-18.5C810.2,18.1,775.7,67.3,734,67.3z\"\/>\n\t<path class=\"elementor-shape-fill\" d=\"M766.1,28.9c-200-57.5-266,65.5-395.1,19.5C242,1.8,242,5.4,184.8,20.6C128,35.8,132.3,44.9,89.9,52.5C28.6,63.7,0,0,0,0 h1000c0,0-9.9,40.9-83.6,48.1S829.6,47,766.1,28.9z\"\/>\n<\/svg>\t\t<\/div>\n\t\t\t\t\t<div class=\"elementor-container elementor-column-gap-wider\">\n\t\t\t\t\t<div class=\"elementor-column elementor-col-100 elementor-top-column elementor-element elementor-element-09ea10b\" data-id=\"09ea10b\" data-element_type=\"column\">\n\t\t\t<div class=\"elementor-widget-wrap elementor-element-populated\">\n\t\t\t\t\t\t\t\t<div class=\"elementor-element elementor-element-1755d35 elementor-invisible elementor-widget elementor-widget-heading\" data-id=\"1755d35\" data-element_type=\"widget\" data-settings=\"{&quot;_animation&quot;:&quot;fadeInLeft&quot;}\" data-widget_type=\"heading.default\">\n\t\t\t\t<div class=\"elementor-widget-container\">\n\t\t\t<h1 class=\"elementor-heading-title elementor-size-default\">Der Verband<\/h1>\t\t<\/div>\n\t\t\t\t<\/div>\n\t\t\t\t<div class=\"elementor-element elementor-element-bea6bd1 elementor-invisible elementor-widget elementor-widget-heading\" data-id=\"bea6bd1\" data-element_type=\"widget\" data-settings=\"{&quot;_animation&quot;:&quot;fadeInUp&quot;}\" data-widget_type=\"heading.default\">\n\t\t\t\t<div class=\"elementor-widget-container\">\n\t\t\t<h3 class=\"elementor-heading-title elementor-size-default\">\u00dcber uns<\/h3>\t\t<\/div>\n\t\t\t\t<\/div>\n\t\t\t\t\t<\/div>\n\t\t<\/div>\n\t\t\t\t\t\t\t<\/div>\n\t\t<\/section>\n\t\t\t\t<section class=\"elementor-section elementor-top-section elementor-element elementor-element-8feb9fc elementor-section-boxed elementor-section-height-default elementor-section-height-default\" data-id=\"8feb9fc\" data-element_type=\"section\" data-settings=\"{&quot;background_background&quot;:&quot;classic&quot;}\">\n\t\t\t\t\t\t<div class=\"elementor-container elementor-column-gap-no\">\n\t\t\t\t\t<div class=\"elementor-column elementor-col-100 elementor-top-column elementor-element elementor-element-24642b1\" data-id=\"24642b1\" data-element_type=\"column\">\n\t\t\t<div class=\"elementor-widget-wrap elementor-element-populated\">\n\t\t\t\t\t\t\t\t<div class=\"elementor-element elementor-element-8bb70aa elementor-invisible elementor-widget elementor-widget-heading\" data-id=\"8bb70aa\" data-element_type=\"widget\" data-settings=\"{&quot;_animation&quot;:&quot;fadeInDown&quot;}\" data-widget_type=\"heading.default\">\n\t\t\t\t<div class=\"elementor-widget-container\">\n\t\t\t<h2 class=\"elementor-heading-title elementor-size-default\">\u00dcber uns<\/h2>\t\t<\/div>\n\t\t\t\t<\/div>\n\t\t\t\t<section class=\"elementor-section elementor-inner-section elementor-element elementor-element-6db37e8 elementor-section-boxed elementor-section-height-default elementor-section-height-default\" data-id=\"6db37e8\" data-element_type=\"section\">\n\t\t\t\t\t\t<div class=\"elementor-container elementor-column-gap-wider\">\n\t\t\t\t\t<div class=\"elementor-column elementor-col-50 elementor-inner-column elementor-element elementor-element-acc33e9\" data-id=\"acc33e9\" data-element_type=\"column\">\n\t\t\t<div class=\"elementor-widget-wrap elementor-element-populated\">\n\t\t\t\t\t\t\t\t<div class=\"elementor-element elementor-element-5d50245 elementor-widget elementor-widget-heading\" data-id=\"5d50245\" data-element_type=\"widget\" data-widget_type=\"heading.default\">\n\t\t\t\t<div class=\"elementor-widget-container\">\n\t\t\t<h4 class=\"elementor-heading-title elementor-size-default\">Asociaci\u00f3n Bodegas de Navarra<\/h4>\t\t<\/div>\n\t\t\t\t<\/div>\n\t\t\t\t<div class=\"elementor-element elementor-element-3716e67 elementor-widget elementor-widget-text-editor\" data-id=\"3716e67\" data-element_type=\"widget\" data-widget_type=\"text-editor.default\">\n\t\t\t\t<div class=\"elementor-widget-container\">\n\t\t\t\t\t\t\t\t<p>Der Verband wurde mit dem Ziel gegr\u00fcndet, dem Bed\u00fcrfnis der abf\u00fcllenden Weinkellereien nach einer eigenen Stimme und St\u00e4rke im Gesch\u00e4ftspanorama des Sektors und des Gebiets gerecht zu werden.<\/p>\t\t\t\t\t\t<\/div>\n\t\t\t\t<\/div>\n\t\t\t\t<div class=\"elementor-element elementor-element-b87b739 elementor-invisible elementor-widget elementor-widget-text-editor\" data-id=\"b87b739\" data-element_type=\"widget\" data-settings=\"{&quot;_animation&quot;:&quot;fadeInUp&quot;}\" data-widget_type=\"text-editor.default\">\n\t\t\t\t<div class=\"elementor-widget-container\">\n\t\t\t\t\t\t\t\t<p>Lenkungsorgane:<\/p>\n\t\t\t\t\t\t<\/div>\n\t\t\t\t<\/div>\n\t\t\t\t<div class=\"elementor-element elementor-element-cf1425f elementor-align-left elementor-widget__width-initial elementor-widget-mobile__width-inherit elementor-icon-list--layout-traditional elementor-list-item-link-full_width elementor-widget elementor-widget-icon-list\" data-id=\"cf1425f\" data-element_type=\"widget\" data-widget_type=\"icon-list.default\">\n\t\t\t\t<div class=\"elementor-widget-container\">\n\t\t\t\t\t<ul class=\"elementor-icon-list-items\">\n\t\t\t\t\t\t\t<li class=\"elementor-icon-list-item\">\n\t\t\t\t\t\t\t\t\t\t\t<span class=\"elementor-icon-list-icon\">\n\t\t\t\t\t\t\t<i aria-hidden=\"true\" class=\"fas fa-circle-notch\"><\/i>\t\t\t\t\t\t<\/span>\n\t\t\t\t\t\t\t\t\t\t<span class=\"elementor-icon-list-text\">Generalversammlung<\/span>\n\t\t\t\t\t\t\t\t\t<\/li>\n\t\t\t\t\t\t\t\t<li class=\"elementor-icon-list-item\">\n\t\t\t\t\t\t\t\t\t\t\t<span class=\"elementor-icon-list-icon\">\n\t\t\t\t\t\t\t<i aria-hidden=\"true\" class=\"fas fa-circle-notch\"><\/i>\t\t\t\t\t\t<\/span>\n\t\t\t\t\t\t\t\t\t\t<span class=\"elementor-icon-list-text\">Pr\u00e4sident: <strong>Jos\u00e9 Manuel Echeverr\u00eda<\/strong><br> <a class=\"link\" href=\"mailto:export@vinosnavarra.com\">export@vinosnavarra.com<\/a> <br><\/span>\n\t\t\t\t\t\t\t\t\t<\/li>\n\t\t\t\t\t\t<\/ul>\n\t\t\t\t<\/div>\n\t\t\t\t<\/div>\n\t\t\t\t<div class=\"elementor-element elementor-element-1eff04b elementor-align-left elementor-widget__width-initial elementor-widget-mobile__width-inherit elementor-icon-list--layout-traditional elementor-list-item-link-full_width elementor-widget elementor-widget-icon-list\" data-id=\"1eff04b\" data-element_type=\"widget\" data-widget_type=\"icon-list.default\">\n\t\t\t\t<div class=\"elementor-widget-container\">\n\t\t\t\t\t<ul class=\"elementor-icon-list-items\">\n\t\t\t\t\t\t\t<li class=\"elementor-icon-list-item\">\n\t\t\t\t\t\t\t\t\t\t\t<span class=\"elementor-icon-list-icon\">\n\t\t\t\t\t\t\t<i aria-hidden=\"true\" class=\"fas fa-circle-notch\"><\/i>\t\t\t\t\t\t<\/span>\n\t\t\t\t\t\t\t\t\t\t<span class=\"elementor-icon-list-text\">Vizepr\u00e4sident: <strong>Jos\u00e9 Manuel Urricelqui<\/strong><br> <a class=\"link\" href=\"mailto:export@vinosnavarra.com\">export@vinosnavarra.com<\/a> <br><\/span>\n\t\t\t\t\t\t\t\t\t<\/li>\n\t\t\t\t\t\t\t\t<li class=\"elementor-icon-list-item\">\n\t\t\t\t\t\t\t\t\t\t\t<span class=\"elementor-icon-list-icon\">\n\t\t\t\t\t\t\t<i aria-hidden=\"true\" class=\"fas fa-circle-notch\"><\/i>\t\t\t\t\t\t<\/span>\n\t\t\t\t\t\t\t\t\t\t<span class=\"elementor-icon-list-text\">Project Manager: <strong>Sonia Benito<\/strong><br> <a class=\"link\" href=\"mailto:export@vinosnavarra.com\">export@vinosnavarra.com<\/a> <br><\/span>\n\t\t\t\t\t\t\t\t\t<\/li>\n\t\t\t\t\t\t<\/ul>\n\t\t\t\t<\/div>\n\t\t\t\t<\/div>\n\t\t\t\t\t<\/div>\n\t\t<\/div>\n\t\t\t\t<div class=\"elementor-column elementor-col-50 elementor-inner-column elementor-element elementor-element-e5d38a6\" data-id=\"e5d38a6\" data-element_type=\"column\">\n\t\t\t<div class=\"elementor-widget-wrap elementor-element-populated\">\n\t\t\t\t\t\t\t\t<div class=\"elementor-element elementor-element-163433d elementor-widget elementor-widget-image\" data-id=\"163433d\" data-element_type=\"widget\" data-widget_type=\"image.default\">\n\t\t\t\t<div class=\"elementor-widget-container\">\n\t\t\t\t\t\t\t\t\t\t\t\t<figure class=\"wp-caption\">\n\t\t\t\t\t\t\t\t\t\t\t<a href=\"https:\/\/vinosnavarra.com\/wp-content\/uploads\/2021\/07\/lote-abn-premium-club-vinos-navarra.jpg\" data-elementor-open-lightbox=\"yes\" data-elementor-lightbox-title=\"lote-abn-premium-club-vinos-navarra\">\n\t\t\t\t\t\t\t<img src=\"https:\/\/vinosnavarra.com\/wp-content\/uploads\/elementor\/thumbs\/lote-abn-premium-club-vinos-navarra-p9ii8tywie8a0596aom4yg9gat8irn15dha99klr0u.jpg\" title=\"lote-abn-premium-club-vinos-navarra\" alt=\"lote-abn-premium-club-vinos-navarra\" \/>\t\t\t\t\t\t\t\t<\/a>\n\t\t\t\t\t\t\t\t\t\t\t<figcaption class=\"widget-image-caption wp-caption-text\"><\/figcaption>\n\t\t\t\t\t\t\t\t\t\t<\/figure>\n\t\t\t\t\t\t\t\t\t<\/div>\n\t\t\t\t<\/div>\n\t\t\t\t\t<\/div>\n\t\t<\/div>\n\t\t\t\t\t\t\t<\/div>\n\t\t<\/section>\n\t\t\t\t\t<\/div>\n\t\t<\/div>\n\t\t\t\t\t\t\t<\/div>\n\t\t<\/section>\n\t\t\t\t<section class=\"elementor-section elementor-top-section elementor-element elementor-element-525ae83 elementor-section-height-min-height elementor-section-boxed elementor-section-height-default elementor-section-items-middle\" data-id=\"525ae83\" data-element_type=\"section\" data-settings=\"{&quot;background_background&quot;:&quot;classic&quot;,&quot;shape_divider_top&quot;:&quot;mountains&quot;}\">\n\t\t\t\t\t<div class=\"elementor-shape elementor-shape-top\" data-negative=\"false\">\n\t\t\t<svg xmlns=\"http:\/\/www.w3.org\/2000\/svg\" viewBox=\"0 0 1000 100\" preserveAspectRatio=\"none\">\n\t<path class=\"elementor-shape-fill\" opacity=\"0.33\" d=\"M473,67.3c-203.9,88.3-263.1-34-320.3,0C66,119.1,0,59.7,0,59.7V0h1000v59.7 c0,0-62.1,26.1-94.9,29.3c-32.8,3.3-62.8-12.3-75.8-22.1C806,49.6,745.3,8.7,694.9,4.7S492.4,59,473,67.3z\"\/>\n\t<path class=\"elementor-shape-fill\" opacity=\"0.66\" d=\"M734,67.3c-45.5,0-77.2-23.2-129.1-39.1c-28.6-8.7-150.3-10.1-254,39.1 s-91.7-34.4-149.2,0C115.7,118.3,0,39.8,0,39.8V0h1000v36.5c0,0-28.2-18.5-92.1-18.5C810.2,18.1,775.7,67.3,734,67.3z\"\/>\n\t<path class=\"elementor-shape-fill\" d=\"M766.1,28.9c-200-57.5-266,65.5-395.1,19.5C242,1.8,242,5.4,184.8,20.6C128,35.8,132.3,44.9,89.9,52.5C28.6,63.7,0,0,0,0 h1000c0,0-9.9,40.9-83.6,48.1S829.6,47,766.1,28.9z\"\/>\n<\/svg>\t\t<\/div>\n\t\t\t\t\t<div class=\"elementor-container elementor-column-gap-default\">\n\t\t\t\t\t<div class=\"elementor-column elementor-col-100 elementor-top-column elementor-element elementor-element-ef9f0be\" data-id=\"ef9f0be\" data-element_type=\"column\">\n\t\t\t<div class=\"elementor-widget-wrap elementor-element-populated\">\n\t\t\t\t\t\t\t\t<section class=\"elementor-section elementor-inner-section elementor-element elementor-element-30d0711 elementor-section-boxed elementor-section-height-default elementor-section-height-default\" data-id=\"30d0711\" data-element_type=\"section\" data-settings=\"{&quot;background_background&quot;:&quot;classic&quot;}\">\n\t\t\t\t\t\t<div class=\"elementor-container elementor-column-gap-wider\">\n\t\t\t\t\t<div class=\"elementor-column elementor-col-50 elementor-inner-column elementor-element elementor-element-4002af3\" data-id=\"4002af3\" data-element_type=\"column\">\n\t\t\t<div class=\"elementor-widget-wrap elementor-element-populated\">\n\t\t\t\t\t\t\t\t<div class=\"elementor-element elementor-element-2b6d92b elementor-invisible elementor-widget elementor-widget-heading\" data-id=\"2b6d92b\" data-element_type=\"widget\" data-settings=\"{&quot;_animation&quot;:&quot;fadeInLeft&quot;}\" data-widget_type=\"heading.default\">\n\t\t\t\t<div class=\"elementor-widget-container\">\n\t\t\t<h2 class=\"elementor-heading-title elementor-size-default\"><span class=\"weight-tit-gru\">Wir haben den Weinkellereien von Navarra viel zu bieten<\/span><\/h2>\t\t<\/div>\n\t\t\t\t<\/div>\n\t\t\t\t\t<\/div>\n\t\t<\/div>\n\t\t\t\t<div class=\"elementor-column elementor-col-50 elementor-inner-column elementor-element elementor-element-8c7839c\" data-id=\"8c7839c\" data-element_type=\"column\">\n\t\t\t<div class=\"elementor-widget-wrap elementor-element-populated\">\n\t\t\t\t\t\t\t\t<div class=\"elementor-element elementor-element-cde74ed elementor-widget__width-auto elementor-invisible elementor-widget elementor-widget-button\" data-id=\"cde74ed\" data-element_type=\"widget\" data-settings=\"{&quot;_animation&quot;:&quot;zoomIn&quot;}\" data-widget_type=\"button.default\">\n\t\t\t\t<div class=\"elementor-widget-container\">\n\t\t\t\t\t<div class=\"elementor-button-wrapper\">\n\t\t\t<a href=\"http:\/\/vinosnavarra.com\/contacto\/?lang=de\" class=\"elementor-button-link elementor-button elementor-size-lg\" role=\"button\">\n\t\t\t\t\t\t<span class=\"elementor-button-content-wrapper\">\n\t\t\t\t\t\t<span class=\"elementor-button-text\">Partner werden<\/span>\n\t\t<\/span>\n\t\t\t\t\t<\/a>\n\t\t<\/div>\n\t\t\t\t<\/div>\n\t\t\t\t<\/div>\n\t\t\t\t\t<\/div>\n\t\t<\/div>\n\t\t\t\t\t\t\t<\/div>\n\t\t<\/section>\n\t\t\t\t\t<\/div>\n\t\t<\/div>\n\t\t\t\t\t\t\t<\/div>\n\t\t<\/section>\n\t\t\t\t\t\t<\/div>\n\t\t\t\t\t<\/div>\n\t\t","protected":false},"excerpt":{"rendered":"<p>Der Verband \u00dcber uns \u00dcber uns Asociaci\u00f3n Bodegas de Navarra Der Verband wurde mit dem Ziel gegr\u00fcndet, dem Bed\u00fcrfnis der abf\u00fcllenden Weinkellereien nach einer eigenen Stimme und St\u00e4rke im Gesch\u00e4ftspanorama des Sektors und des Gebiets gerecht zu werden. Lenkungsorgane: Generalversammlung Pr\u00e4sident: Jos\u00e9 Manuel Echeverr\u00eda export@vinosnavarra.com Vizepr\u00e4sident: Jos\u00e9 Manuel Urricelqui export@vinosnavarra.com Project Manager: Sonia Benito export@vinosnavarra.com&hellip;<\/p>\n","protected":false},"author":1,"featured_media":0,"parent":0,"menu_order":30,"comment_status":"closed","ping_status":"closed","template":"elementor_header_footer","meta":[],"yoast_head":"<!-- This site is optimized with the Yoast SEO plugin v16.5 - https:\/\/yoast.com\/wordpress\/plugins\/seo\/ -->\n<title>Der Verein ABN (Verband der Bodegas de Navarra).<\/title>\n<meta name=\"description\" content=\"Der Verband ABN wurde mit dem Ziel gegr\u00fcndet, auf die Bed\u00fcrfnisse der abf\u00fcllenden Weing\u00fcter im Gesch\u00e4ftspanorama des Sektors einzugehen.\" \/>\n<meta name=\"robots\" content=\"index, follow, max-snippet:-1, max-image-preview:large, max-video-preview:-1\" \/>\n<link rel=\"canonical\" href=\"https:\/\/vinosnavarra.com\/de\/heim-praesentation\/\" \/>\n<meta property=\"og:locale\" content=\"de_DE\" \/>\n<meta property=\"og:type\" content=\"article\" \/>\n<meta property=\"og:title\" content=\"Der Verein ABN (Verband der Bodegas de Navarra).\" \/>\n<meta property=\"og:description\" content=\"Der Verband ABN wurde mit dem Ziel gegr\u00fcndet, auf die Bed\u00fcrfnisse der abf\u00fcllenden Weing\u00fcter im Gesch\u00e4ftspanorama des Sektors einzugehen.\" \/>\n<meta property=\"og:url\" content=\"https:\/\/vinosnavarra.com\/de\/heim-praesentation\/\" \/>\n<meta property=\"og:site_name\" content=\"vinosnavarra.com\" \/>\n<meta property=\"article:modified_time\" content=\"2024-10-29T10:44:34+00:00\" \/>\n<meta property=\"og:image\" content=\"https:\/\/vinosnavarra.com\/wp-content\/uploads\/elementor\/thumbs\/lote-abn-premium-club-vinos-navarra-p9ii8tywie8a0596aom4yg9gat8irn15dha8t184xs.jpg\" \/>\n<meta name=\"twitter:card\" content=\"summary_large_image\" \/>\n<meta name=\"twitter:label1\" content=\"Gesch\u00e4tzte Lesezeit\" \/>\n\t<meta name=\"twitter:data1\" content=\"1 Minute\" \/>\n<script type=\"application\/ld+json\" class=\"yoast-schema-graph\">{\"@context\":\"https:\/\/schema.org\",\"@graph\":[{\"@type\":\"WebSite\",\"@id\":\"https:\/\/vinosnavarra.com\/#website\",\"url\":\"https:\/\/vinosnavarra.com\/\",\"name\":\"vinosnavarra.com\",\"description\":\"Otro sitio realizado con WordPress\",\"potentialAction\":[{\"@type\":\"SearchAction\",\"target\":\"https:\/\/vinosnavarra.com\/?s={search_term_string}\",\"query-input\":\"required name=search_term_string\"}],\"inLanguage\":\"de-DE\"},{\"@type\":\"ImageObject\",\"@id\":\"https:\/\/vinosnavarra.com\/de\/heim-praesentation\/#primaryimage\",\"inLanguage\":\"de-DE\",\"url\":\"https:\/\/vinosnavarra.com\/wp-content\/uploads\/elementor\/thumbs\/lote-abn-premium-club-vinos-navarra-p9ii8tywie8a0596aom4yg9gat8irn15dha8t184xs.jpg\",\"contentUrl\":\"https:\/\/vinosnavarra.com\/wp-content\/uploads\/elementor\/thumbs\/lote-abn-premium-club-vinos-navarra-p9ii8tywie8a0596aom4yg9gat8irn15dha8t184xs.jpg\"},{\"@type\":\"WebPage\",\"@id\":\"https:\/\/vinosnavarra.com\/de\/heim-praesentation\/#webpage\",\"url\":\"https:\/\/vinosnavarra.com\/de\/heim-praesentation\/\",\"name\":\"Der Verein ABN (Verband der Bodegas de Navarra).\",\"isPartOf\":{\"@id\":\"https:\/\/vinosnavarra.com\/#website\"},\"primaryImageOfPage\":{\"@id\":\"https:\/\/vinosnavarra.com\/de\/heim-praesentation\/#primaryimage\"},\"datePublished\":\"2021-05-19T07:22:27+00:00\",\"dateModified\":\"2024-10-29T10:44:34+00:00\",\"description\":\"Der Verband ABN wurde mit dem Ziel gegr\\u00fcndet, auf die Bed\\u00fcrfnisse der abf\\u00fcllenden Weing\\u00fcter im Gesch\\u00e4ftspanorama des Sektors einzugehen.\",\"breadcrumb\":{\"@id\":\"https:\/\/vinosnavarra.com\/de\/heim-praesentation\/#breadcrumb\"},\"inLanguage\":\"de-DE\",\"potentialAction\":[{\"@type\":\"ReadAction\",\"target\":[\"https:\/\/vinosnavarra.com\/de\/heim-praesentation\/\"]}]},{\"@type\":\"BreadcrumbList\",\"@id\":\"https:\/\/vinosnavarra.com\/de\/heim-praesentation\/#breadcrumb\",\"itemListElement\":[{\"@type\":\"ListItem\",\"position\":1,\"name\":\"Portada\",\"item\":\"https:\/\/vinosnavarra.com\/de\/\"},{\"@type\":\"ListItem\",\"position\":2,\"name\":\"PR\\u00c4SENTATION\"}]}]}<\/script>\n<!-- \/ Yoast SEO plugin. -->","_links":{"self":[{"href":"https:\/\/vinosnavarra.com\/de\/wp-json\/wp\/v2\/pages\/32856"}],"collection":[{"href":"https:\/\/vinosnavarra.com\/de\/wp-json\/wp\/v2\/pages"}],"about":[{"href":"https:\/\/vinosnavarra.com\/de\/wp-json\/wp\/v2\/types\/page"}],"author":[{"embeddable":true,"href":"https:\/\/vinosnavarra.com\/de\/wp-json\/wp\/v2\/users\/1"}],"replies":[{"embeddable":true,"href":"https:\/\/vinosnavarra.com\/de\/wp-json\/wp\/v2\/comments?post=32856"}],"version-history":[{"count":36,"href":"https:\/\/vinosnavarra.com\/de\/wp-json\/wp\/v2\/pages\/32856\/revisions"}],"predecessor-version":[{"id":34358,"href":"https:\/\/vinosnavarra.com\/de\/wp-json\/wp\/v2\/pages\/32856\/revisions\/34358"}],"wp:attachment":[{"href":"https:\/\/vinosnavarra.com\/de\/wp-json\/wp\/v2\/media?parent=32856"}],"curies":[{"name":"wp","href":"https:\/\/api.w.org\/{rel}","templated":true}]}}