{"id":32879,"date":"2021-05-24T12:53:31","date_gmt":"2021-05-24T12:53:31","guid":{"rendered":"http:\/\/vinosnavarra.com\/enlaces-de-interes\/"},"modified":"2024-10-29T13:35:35","modified_gmt":"2024-10-29T13:35:35","slug":"enlaces-de-interes","status":"publish","type":"page","link":"https:\/\/vinosnavarra.com\/de\/enlaces-de-interes\/","title":{"rendered":"Enlaces de Inter\u00e9s"},"content":{"rendered":"\t\t<div data-elementor-type=\"wp-page\" data-elementor-id=\"32879\" class=\"elementor elementor-32879 elementor-31789\" data-elementor-settings=\"[]\">\n\t\t\t\t\t\t\t<div class=\"elementor-section-wrap\">\n\t\t\t\t\t\t\t<section class=\"elementor-section elementor-top-section elementor-element elementor-element-9d7906b elementor-section-full_width elementor-section-height-min-height elementor-section-content-top elementor-section-height-default elementor-section-items-middle\" data-id=\"9d7906b\" data-element_type=\"section\" data-settings=\"{&quot;shape_divider_bottom&quot;:&quot;mountains&quot;,&quot;background_background&quot;:&quot;classic&quot;}\">\n\t\t\t\t\t\t\t<div class=\"elementor-background-overlay\"><\/div>\n\t\t\t\t\t\t<div class=\"elementor-shape elementor-shape-bottom\" data-negative=\"false\">\n\t\t\t<svg xmlns=\"http:\/\/www.w3.org\/2000\/svg\" viewBox=\"0 0 1000 100\" preserveAspectRatio=\"none\">\n\t<path class=\"elementor-shape-fill\" opacity=\"0.33\" d=\"M473,67.3c-203.9,88.3-263.1-34-320.3,0C66,119.1,0,59.7,0,59.7V0h1000v59.7 c0,0-62.1,26.1-94.9,29.3c-32.8,3.3-62.8-12.3-75.8-22.1C806,49.6,745.3,8.7,694.9,4.7S492.4,59,473,67.3z\"\/>\n\t<path class=\"elementor-shape-fill\" opacity=\"0.66\" d=\"M734,67.3c-45.5,0-77.2-23.2-129.1-39.1c-28.6-8.7-150.3-10.1-254,39.1 s-91.7-34.4-149.2,0C115.7,118.3,0,39.8,0,39.8V0h1000v36.5c0,0-28.2-18.5-92.1-18.5C810.2,18.1,775.7,67.3,734,67.3z\"\/>\n\t<path class=\"elementor-shape-fill\" d=\"M766.1,28.9c-200-57.5-266,65.5-395.1,19.5C242,1.8,242,5.4,184.8,20.6C128,35.8,132.3,44.9,89.9,52.5C28.6,63.7,0,0,0,0 h1000c0,0-9.9,40.9-83.6,48.1S829.6,47,766.1,28.9z\"\/>\n<\/svg>\t\t<\/div>\n\t\t\t\t\t<div class=\"elementor-container elementor-column-gap-wider\">\n\t\t\t\t\t<div class=\"elementor-column elementor-col-100 elementor-top-column elementor-element elementor-element-09ea10b\" data-id=\"09ea10b\" data-element_type=\"column\">\n\t\t\t<div class=\"elementor-widget-wrap elementor-element-populated\">\n\t\t\t\t\t\t\t\t<div class=\"elementor-element elementor-element-1755d35 elementor-invisible elementor-widget elementor-widget-heading\" data-id=\"1755d35\" data-element_type=\"widget\" data-settings=\"{&quot;_animation&quot;:&quot;fadeInLeft&quot;}\" data-widget_type=\"heading.default\">\n\t\t\t\t<div class=\"elementor-widget-container\">\n\t\t\t<h1 class=\"elementor-heading-title elementor-size-default\">N\u00fctzliche Links<\/h1>\t\t<\/div>\n\t\t\t\t<\/div>\n\t\t\t\t\t<\/div>\n\t\t<\/div>\n\t\t\t\t\t\t\t<\/div>\n\t\t<\/section>\n\t\t\t\t<section class=\"elementor-section elementor-top-section elementor-element elementor-element-8feb9fc elementor-section-boxed elementor-section-height-default elementor-section-height-default\" data-id=\"8feb9fc\" data-element_type=\"section\" data-settings=\"{&quot;background_background&quot;:&quot;classic&quot;}\">\n\t\t\t\t\t\t<div class=\"elementor-container elementor-column-gap-no\">\n\t\t\t\t\t<div class=\"elementor-column elementor-col-100 elementor-top-column elementor-element elementor-element-24642b1\" data-id=\"24642b1\" data-element_type=\"column\">\n\t\t\t<div class=\"elementor-widget-wrap elementor-element-populated\">\n\t\t\t\t\t\t\t\t<div class=\"elementor-element elementor-element-8bb70aa elementor-invisible elementor-widget elementor-widget-heading\" data-id=\"8bb70aa\" data-element_type=\"widget\" data-settings=\"{&quot;_animation&quot;:&quot;fadeInDown&quot;}\" data-widget_type=\"heading.default\">\n\t\t\t\t<div class=\"elementor-widget-container\">\n\t\t\t<h2 class=\"elementor-heading-title elementor-size-default\">N\u00fctzliche Links<\/h2>\t\t<\/div>\n\t\t\t\t<\/div>\n\t\t\t\t<section class=\"elementor-section elementor-inner-section elementor-element elementor-element-6db37e8 elementor-section-boxed elementor-section-height-default elementor-section-height-default\" data-id=\"6db37e8\" data-element_type=\"section\">\n\t\t\t\t\t\t<div class=\"elementor-container elementor-column-gap-wider\">\n\t\t\t\t\t<div class=\"elementor-column elementor-col-50 elementor-inner-column elementor-element elementor-element-acc33e9\" data-id=\"acc33e9\" data-element_type=\"column\">\n\t\t\t<div class=\"elementor-widget-wrap elementor-element-populated\">\n\t\t\t\t\t\t\t\t<div class=\"elementor-element elementor-element-cf1425f elementor-align-left elementor-widget__width-initial elementor-widget-mobile__width-inherit elementor-icon-list--layout-traditional elementor-list-item-link-full_width elementor-widget elementor-widget-icon-list\" data-id=\"cf1425f\" data-element_type=\"widget\" data-widget_type=\"icon-list.default\">\n\t\t\t\t<div class=\"elementor-widget-container\">\n\t\t\t\t\t<ul class=\"elementor-icon-list-items\">\n\t\t\t\t\t\t\t<li class=\"elementor-icon-list-item\">\n\t\t\t\t\t\t\t\t\t\t\t<span class=\"elementor-icon-list-icon\">\n\t\t\t\t\t\t\t<i aria-hidden=\"true\" class=\"fas fa-circle-notch\"><\/i>\t\t\t\t\t\t<\/span>\n\t\t\t\t\t\t\t\t\t\t<span class=\"elementor-icon-list-text\"><a class=\"link-pag-enlaces\" target=\"_blank\" href=\"https:\/\/www.navarrawine.com\/\">Consejo Regulador D.O. Navarra<\/a><\/span>\n\t\t\t\t\t\t\t\t\t<\/li>\n\t\t\t\t\t\t\t\t<li class=\"elementor-icon-list-item\">\n\t\t\t\t\t\t\t\t\t\t\t<span class=\"elementor-icon-list-icon\">\n\t\t\t\t\t\t\t<i aria-hidden=\"true\" class=\"fas fa-circle-notch\"><\/i>\t\t\t\t\t\t<\/span>\n\t\t\t\t\t\t\t\t\t\t<span class=\"elementor-icon-list-text\"><a class=\"link-pag-enlaces\" target=\"_blank\" href=\"https:\/\/www.intiasa.es\/web\/es\">INTIA, Instituto Navarro de Tecnolog\u00edas e Infraestructuras Agroalimentarias<\/a><\/span>\n\t\t\t\t\t\t\t\t\t<\/li>\n\t\t\t\t\t\t\t\t<li class=\"elementor-icon-list-item\">\n\t\t\t\t\t\t\t\t\t\t\t<span class=\"elementor-icon-list-icon\">\n\t\t\t\t\t\t\t<i aria-hidden=\"true\" class=\"fas fa-circle-notch\"><\/i>\t\t\t\t\t\t<\/span>\n\t\t\t\t\t\t\t\t\t\t<span class=\"elementor-icon-list-text\"><a class=\"link-pag-enlaces\" target=\"_blank\" href=\"https:\/\/www.navarra.es\/es\/gobierno-de-navarra\/departamento-de-desarrollo-rural-y-medio-ambiente\">Gobierno de Navarra, Departamento de Desarrollo Rural y Medio Ambiente<\/a><\/span>\n\t\t\t\t\t\t\t\t\t<\/li>\n\t\t\t\t\t\t\t\t<li class=\"elementor-icon-list-item\">\n\t\t\t\t\t\t\t\t\t\t\t<span class=\"elementor-icon-list-icon\">\n\t\t\t\t\t\t\t<i aria-hidden=\"true\" class=\"fas fa-circle-notch\"><\/i>\t\t\t\t\t\t<\/span>\n\t\t\t\t\t\t\t\t\t\t<span class=\"elementor-icon-list-text\"><a class=\"link-pag-enlaces\" target=\"_blank\" href=\"https:\/\/www.foodswinesfromspain.com\/spanishfoodwine\/index.html\">Vinos de Espa\u00f1a<\/a><\/span>\n\t\t\t\t\t\t\t\t\t<\/li>\n\t\t\t\t\t\t\t\t<li class=\"elementor-icon-list-item\">\n\t\t\t\t\t\t\t\t\t\t\t<span class=\"elementor-icon-list-icon\">\n\t\t\t\t\t\t\t<i aria-hidden=\"true\" class=\"fas fa-circle-notch\"><\/i>\t\t\t\t\t\t<\/span>\n\t\t\t\t\t\t\t\t\t\t<span class=\"elementor-icon-list-text\"><a class=\"link-pag-enlaces\" target=\"_blank\" href=\"https:\/\/www.icex.es\/icex\/es\/index.html\">ICEX Espa\u00f1a Exportaci\u00f3n e Inversiones<\/a><\/span>\n\t\t\t\t\t\t\t\t\t<\/li>\n\t\t\t\t\t\t\t\t<li class=\"elementor-icon-list-item\">\n\t\t\t\t\t\t\t\t\t\t\t<span class=\"elementor-icon-list-icon\">\n\t\t\t\t\t\t\t<i aria-hidden=\"true\" class=\"fas fa-circle-notch\"><\/i>\t\t\t\t\t\t<\/span>\n\t\t\t\t\t\t\t\t\t\t<span class=\"elementor-icon-list-text\"><a class=\"link-pag-enlaces\" target=\"_blank\" href=\"http:\/\/www.fev.es\/es\/\">Federaci\u00f3n Espa\u00f1ola del Vino<\/a><\/span>\n\t\t\t\t\t\t\t\t\t<\/li>\n\t\t\t\t\t\t\t\t<li class=\"elementor-icon-list-item\">\n\t\t\t\t\t\t\t\t\t\t\t<span class=\"elementor-icon-list-icon\">\n\t\t\t\t\t\t\t<i aria-hidden=\"true\" class=\"fas fa-circle-notch\"><\/i>\t\t\t\t\t\t<\/span>\n\t\t\t\t\t\t\t\t\t\t<span class=\"elementor-icon-list-text\"><a class=\"link-pag-enlaces\" target=\"_blank\" href=\"https:\/\/www.oemv.es\/\">Observatorio Espa\u00f1ol del Mercado del Vino<\/a><\/span>\n\t\t\t\t\t\t\t\t\t<\/li>\n\t\t\t\t\t\t<\/ul>\n\t\t\t\t<\/div>\n\t\t\t\t<\/div>\n\t\t\t\t\t<\/div>\n\t\t<\/div>\n\t\t\t\t<div class=\"elementor-column elementor-col-50 elementor-inner-column elementor-element elementor-element-e5d38a6\" data-id=\"e5d38a6\" data-element_type=\"column\">\n\t\t\t<div class=\"elementor-widget-wrap elementor-element-populated\">\n\t\t\t\t\t\t\t\t<div class=\"elementor-element elementor-element-163433d elementor-widget elementor-widget-image\" data-id=\"163433d\" data-element_type=\"widget\" data-widget_type=\"image.default\">\n\t\t\t\t<div class=\"elementor-widget-container\">\n\t\t\t\t\t\t\t\t\t\t\t\t<figure class=\"wp-caption\">\n\t\t\t\t\t\t\t\t\t\t\t<a href=\"http:\/\/vinosnavarra.com\/wp-content\/uploads\/2021\/05\/foto-provisional.jpg\" data-elementor-open-lightbox=\"yes\" data-elementor-lightbox-title=\"foto-provisional\">\n\t\t\t\t\t\t\t<img src=\"https:\/\/vinosnavarra.com\/wp-content\/uploads\/elementor\/thumbs\/foto-provisional-p9dr0m9gghldqmjeot5xaeqm2nkk7amwbbna0midq8.jpg\" title=\"foto-provisional\" alt=\"foto-provisional\" \/>\t\t\t\t\t\t\t\t<\/a>\n\t\t\t\t\t\t\t\t\t\t\t<figcaption class=\"widget-image-caption wp-caption-text\"><\/figcaption>\n\t\t\t\t\t\t\t\t\t\t<\/figure>\n\t\t\t\t\t\t\t\t\t<\/div>\n\t\t\t\t<\/div>\n\t\t\t\t\t<\/div>\n\t\t<\/div>\n\t\t\t\t\t\t\t<\/div>\n\t\t<\/section>\n\t\t\t\t\t<\/div>\n\t\t<\/div>\n\t\t\t\t\t\t\t<\/div>\n\t\t<\/section>\n\t\t\t\t\t\t<\/div>\n\t\t\t\t\t<\/div>\n\t\t","protected":false},"excerpt":{"rendered":"<p>N\u00fctzliche Links N\u00fctzliche Links Consejo Regulador D.O. Navarra INTIA, Instituto Navarro de Tecnolog\u00edas e Infraestructuras Agroalimentarias Gobierno de Navarra, Departamento de Desarrollo Rural y Medio Ambiente Vinos de Espa\u00f1a ICEX Espa\u00f1a Exportaci\u00f3n e Inversiones Federaci\u00f3n Espa\u00f1ola del Vino Observatorio Espa\u00f1ol del Mercado del Vino<\/p>\n","protected":false},"author":1,"featured_media":0,"parent":0,"menu_order":30,"comment_status":"closed","ping_status":"closed","template":"elementor_header_footer","meta":[],"yoast_head":"<!-- This site is optimized with the Yoast SEO plugin v16.5 - https:\/\/yoast.com\/wordpress\/plugins\/seo\/ -->\n<title>Enlaces de Inter\u00e9s | vinosnavarra.com<\/title>\n<meta name=\"robots\" content=\"index, follow, max-snippet:-1, max-image-preview:large, max-video-preview:-1\" \/>\n<link rel=\"canonical\" href=\"https:\/\/vinosnavarra.com\/de\/enlaces-de-interes\/\" \/>\n<meta property=\"og:locale\" content=\"de_DE\" \/>\n<meta property=\"og:type\" content=\"article\" \/>\n<meta property=\"og:title\" content=\"Enlaces de Inter\u00e9s | vinosnavarra.com\" \/>\n<meta property=\"og:description\" content=\"N\u00fctzliche Links N\u00fctzliche Links Consejo Regulador D.O. Navarra INTIA, Instituto Navarro de Tecnolog\u00edas e Infraestructuras Agroalimentarias Gobierno de Navarra, Departamento de Desarrollo Rural y Medio Ambiente Vinos de Espa\u00f1a ICEX Espa\u00f1a Exportaci\u00f3n e Inversiones Federaci\u00f3n Espa\u00f1ola del Vino Observatorio Espa\u00f1ol del Mercado del Vino\" \/>\n<meta property=\"og:url\" content=\"https:\/\/vinosnavarra.com\/de\/enlaces-de-interes\/\" \/>\n<meta property=\"og:site_name\" content=\"vinosnavarra.com\" \/>\n<meta property=\"article:modified_time\" content=\"2024-10-29T13:35:35+00:00\" \/>\n<meta property=\"og:image\" content=\"https:\/\/vinosnavarra.com\/wp-content\/uploads\/elementor\/thumbs\/foto-provisional-p9dr0m9gghldqmjeot5xaeqm2nkk7amwbbn9qrny80.jpg\" \/>\n<meta name=\"twitter:card\" content=\"summary_large_image\" \/>\n<meta name=\"twitter:label1\" content=\"Gesch\u00e4tzte Lesezeit\" \/>\n\t<meta name=\"twitter:data1\" content=\"1 Minute\" \/>\n<script type=\"application\/ld+json\" class=\"yoast-schema-graph\">{\"@context\":\"https:\/\/schema.org\",\"@graph\":[{\"@type\":\"WebSite\",\"@id\":\"https:\/\/vinosnavarra.com\/#website\",\"url\":\"https:\/\/vinosnavarra.com\/\",\"name\":\"vinosnavarra.com\",\"description\":\"Otro sitio realizado con WordPress\",\"potentialAction\":[{\"@type\":\"SearchAction\",\"target\":\"https:\/\/vinosnavarra.com\/?s={search_term_string}\",\"query-input\":\"required name=search_term_string\"}],\"inLanguage\":\"de-DE\"},{\"@type\":\"ImageObject\",\"@id\":\"https:\/\/vinosnavarra.com\/de\/enlaces-de-interes\/#primaryimage\",\"inLanguage\":\"de-DE\",\"url\":\"https:\/\/vinosnavarra.com\/wp-content\/uploads\/elementor\/thumbs\/foto-provisional-p9dr0m9gghldqmjeot5xaeqm2nkk7amwbbn9qrny80.jpg\",\"contentUrl\":\"https:\/\/vinosnavarra.com\/wp-content\/uploads\/elementor\/thumbs\/foto-provisional-p9dr0m9gghldqmjeot5xaeqm2nkk7amwbbn9qrny80.jpg\"},{\"@type\":\"WebPage\",\"@id\":\"https:\/\/vinosnavarra.com\/de\/enlaces-de-interes\/#webpage\",\"url\":\"https:\/\/vinosnavarra.com\/de\/enlaces-de-interes\/\",\"name\":\"Enlaces de Inter\\u00e9s | vinosnavarra.com\",\"isPartOf\":{\"@id\":\"https:\/\/vinosnavarra.com\/#website\"},\"primaryImageOfPage\":{\"@id\":\"https:\/\/vinosnavarra.com\/de\/enlaces-de-interes\/#primaryimage\"},\"datePublished\":\"2021-05-24T12:53:31+00:00\",\"dateModified\":\"2024-10-29T13:35:35+00:00\",\"breadcrumb\":{\"@id\":\"https:\/\/vinosnavarra.com\/de\/enlaces-de-interes\/#breadcrumb\"},\"inLanguage\":\"de-DE\",\"potentialAction\":[{\"@type\":\"ReadAction\",\"target\":[\"https:\/\/vinosnavarra.com\/de\/enlaces-de-interes\/\"]}]},{\"@type\":\"BreadcrumbList\",\"@id\":\"https:\/\/vinosnavarra.com\/de\/enlaces-de-interes\/#breadcrumb\",\"itemListElement\":[{\"@type\":\"ListItem\",\"position\":1,\"name\":\"Portada\",\"item\":\"https:\/\/vinosnavarra.com\/de\/\"},{\"@type\":\"ListItem\",\"position\":2,\"name\":\"Enlaces de Inter\\u00e9s\"}]}]}<\/script>\n<!-- \/ Yoast SEO plugin. -->","_links":{"self":[{"href":"https:\/\/vinosnavarra.com\/de\/wp-json\/wp\/v2\/pages\/32879"}],"collection":[{"href":"https:\/\/vinosnavarra.com\/de\/wp-json\/wp\/v2\/pages"}],"about":[{"href":"https:\/\/vinosnavarra.com\/de\/wp-json\/wp\/v2\/types\/page"}],"author":[{"embeddable":true,"href":"https:\/\/vinosnavarra.com\/de\/wp-json\/wp\/v2\/users\/1"}],"replies":[{"embeddable":true,"href":"https:\/\/vinosnavarra.com\/de\/wp-json\/wp\/v2\/comments?post=32879"}],"version-history":[{"count":7,"href":"https:\/\/vinosnavarra.com\/de\/wp-json\/wp\/v2\/pages\/32879\/revisions"}],"predecessor-version":[{"id":34507,"href":"https:\/\/vinosnavarra.com\/de\/wp-json\/wp\/v2\/pages\/32879\/revisions\/34507"}],"wp:attachment":[{"href":"https:\/\/vinosnavarra.com\/de\/wp-json\/wp\/v2\/media?parent=32879"}],"curies":[{"name":"wp","href":"https:\/\/api.w.org\/{rel}","templated":true}]}}