{"id":32903,"date":"2021-05-24T07:49:39","date_gmt":"2021-05-24T07:49:39","guid":{"rendered":"http:\/\/vinosnavarra.com\/vinos-de-navarra\/"},"modified":"2026-02-23T17:08:59","modified_gmt":"2026-02-23T17:08:59","slug":"weine-aus-navarra","status":"publish","type":"page","link":"https:\/\/vinosnavarra.com\/de\/weine-aus-navarra\/","title":{"rendered":"WEINE AUS NAVARRA"},"content":{"rendered":"\t\t<div data-elementor-type=\"wp-page\" data-elementor-id=\"32903\" class=\"elementor elementor-32903 elementor-31688\" data-elementor-settings=\"[]\">\n\t\t\t\t\t\t\t<div class=\"elementor-section-wrap\">\n\t\t\t\t\t\t\t<section class=\"elementor-section elementor-top-section elementor-element elementor-element-9d7906b elementor-section-full_width elementor-section-height-min-height elementor-section-content-top elementor-section-height-default elementor-section-items-middle\" data-id=\"9d7906b\" data-element_type=\"section\" data-settings=\"{&quot;shape_divider_bottom&quot;:&quot;mountains&quot;,&quot;background_background&quot;:&quot;classic&quot;}\">\n\t\t\t\t\t\t\t<div class=\"elementor-background-overlay\"><\/div>\n\t\t\t\t\t\t<div class=\"elementor-shape elementor-shape-bottom\" data-negative=\"false\">\n\t\t\t<svg xmlns=\"http:\/\/www.w3.org\/2000\/svg\" viewBox=\"0 0 1000 100\" preserveAspectRatio=\"none\">\n\t<path class=\"elementor-shape-fill\" opacity=\"0.33\" d=\"M473,67.3c-203.9,88.3-263.1-34-320.3,0C66,119.1,0,59.7,0,59.7V0h1000v59.7 c0,0-62.1,26.1-94.9,29.3c-32.8,3.3-62.8-12.3-75.8-22.1C806,49.6,745.3,8.7,694.9,4.7S492.4,59,473,67.3z\"\/>\n\t<path class=\"elementor-shape-fill\" opacity=\"0.66\" d=\"M734,67.3c-45.5,0-77.2-23.2-129.1-39.1c-28.6-8.7-150.3-10.1-254,39.1 s-91.7-34.4-149.2,0C115.7,118.3,0,39.8,0,39.8V0h1000v36.5c0,0-28.2-18.5-92.1-18.5C810.2,18.1,775.7,67.3,734,67.3z\"\/>\n\t<path class=\"elementor-shape-fill\" d=\"M766.1,28.9c-200-57.5-266,65.5-395.1,19.5C242,1.8,242,5.4,184.8,20.6C128,35.8,132.3,44.9,89.9,52.5C28.6,63.7,0,0,0,0 h1000c0,0-9.9,40.9-83.6,48.1S829.6,47,766.1,28.9z\"\/>\n<\/svg>\t\t<\/div>\n\t\t\t\t\t<div class=\"elementor-container elementor-column-gap-wider\">\n\t\t\t\t\t<div class=\"elementor-column elementor-col-100 elementor-top-column elementor-element elementor-element-09ea10b\" data-id=\"09ea10b\" data-element_type=\"column\">\n\t\t\t<div class=\"elementor-widget-wrap elementor-element-populated\">\n\t\t\t\t\t\t\t\t<div class=\"elementor-element elementor-element-1755d35 elementor-invisible elementor-widget elementor-widget-heading\" data-id=\"1755d35\" data-element_type=\"widget\" data-settings=\"{&quot;_animation&quot;:&quot;fadeInLeft&quot;}\" data-widget_type=\"heading.default\">\n\t\t\t\t<div class=\"elementor-widget-container\">\n\t\t\t<h1 class=\"elementor-heading-title elementor-size-default\">Weine aus Navarra<\/h1>\t\t<\/div>\n\t\t\t\t<\/div>\n\t\t\t\t\t<\/div>\n\t\t<\/div>\n\t\t\t\t\t\t\t<\/div>\n\t\t<\/section>\n\t\t\t\t<section class=\"elementor-section elementor-top-section elementor-element elementor-element-8feb9fc elementor-section-boxed elementor-section-height-default elementor-section-height-default\" data-id=\"8feb9fc\" data-element_type=\"section\" data-settings=\"{&quot;background_background&quot;:&quot;classic&quot;}\">\n\t\t\t\t\t\t<div class=\"elementor-container elementor-column-gap-no\">\n\t\t\t\t\t<div class=\"elementor-column elementor-col-100 elementor-top-column elementor-element elementor-element-24642b1\" data-id=\"24642b1\" data-element_type=\"column\">\n\t\t\t<div class=\"elementor-widget-wrap elementor-element-populated\">\n\t\t\t\t\t\t\t\t<div class=\"elementor-element elementor-element-8bb70aa elementor-invisible elementor-widget elementor-widget-heading\" data-id=\"8bb70aa\" data-element_type=\"widget\" data-settings=\"{&quot;_animation&quot;:&quot;fadeInDown&quot;}\" data-widget_type=\"heading.default\">\n\t\t\t\t<div class=\"elementor-widget-container\">\n\t\t\t<h2 class=\"elementor-heading-title elementor-size-default\">Weine aus Navarra<\/h2>\t\t<\/div>\n\t\t\t\t<\/div>\n\t\t\t\t<section class=\"elementor-section elementor-inner-section elementor-element elementor-element-6db37e8 elementor-section-boxed elementor-section-height-default elementor-section-height-default\" data-id=\"6db37e8\" data-element_type=\"section\">\n\t\t\t\t\t\t<div class=\"elementor-container elementor-column-gap-wider\">\n\t\t\t\t\t<div class=\"elementor-column elementor-col-50 elementor-inner-column elementor-element elementor-element-acc33e9\" data-id=\"acc33e9\" data-element_type=\"column\">\n\t\t\t<div class=\"elementor-widget-wrap elementor-element-populated\">\n\t\t\t\t\t\t\t\t<div class=\"elementor-element elementor-element-4e0fb62 elementor-invisible elementor-widget elementor-widget-text-editor\" data-id=\"4e0fb62\" data-element_type=\"widget\" data-settings=\"{&quot;_animation&quot;:&quot;pulse&quot;}\" data-widget_type=\"text-editor.default\">\n\t\t\t\t<div class=\"elementor-widget-container\">\n\t\t\t\t\t\t\t\t<p>Das Weinland Navarra bietet den M\u00e4rkten eine ausgesprochene Vielfalt an verschiedenen Weinen von h\u00f6chster Qualit\u00e4t: Lagenweine sowie Weine mit dem G\u00fctesiegel von drei gesch\u00fctzten Herkunftsbezeichnungen und zwei gesch\u00fctzten geographischen Angaben.<\/p>\t\t\t\t\t\t<\/div>\n\t\t\t\t<\/div>\n\t\t\t\t<div class=\"elementor-element elementor-element-c60c48b elementor-invisible elementor-widget elementor-widget-heading\" data-id=\"c60c48b\" data-element_type=\"widget\" data-settings=\"{&quot;_animation&quot;:&quot;slideInDown&quot;}\" data-widget_type=\"heading.default\">\n\t\t\t\t<div class=\"elementor-widget-container\">\n\t\t\t<h2 class=\"elementor-heading-title elementor-size-default\">Lagenweine<\/h2>\t\t<\/div>\n\t\t\t\t<\/div>\n\t\t\t\t<div class=\"elementor-element elementor-element-e55c6fd elementor-widget elementor-widget-text-editor\" data-id=\"e55c6fd\" data-element_type=\"widget\" data-widget_type=\"text-editor.default\">\n\t\t\t\t<div class=\"elementor-widget-container\">\n\t\t\t\t\t\t\t\t<p>Der Lagenwein ist eine besonders anerkannte Weinkategorie, die sich auf Weine hoher Qualit\u00e4t aus Weinbergen mit ganz speziellen Eigenschaften bezieht. In Navarra werden von der Verwaltung f\u00fcnf Lagenweine anerkannt und gesch\u00fctzt: Pago Se\u00f1or\u00edo de Ar\u00ednzano, Pago Prado de Irache, Pago de Otazu, Pago de Larra\u00ednzar und Pago Finca Boland\u00edn.<\/p>\t\t\t\t\t\t<\/div>\n\t\t\t\t<\/div>\n\t\t\t\t<div class=\"elementor-element elementor-element-86b7978 elementor-invisible elementor-widget elementor-widget-heading\" data-id=\"86b7978\" data-element_type=\"widget\" data-settings=\"{&quot;_animation&quot;:&quot;slideInDown&quot;}\" data-widget_type=\"heading.default\">\n\t\t\t\t<div class=\"elementor-widget-container\">\n\t\t\t<h2 class=\"elementor-heading-title elementor-size-default\">Weine mit gesch\u00fctzter Herkunftsbezeichnung<\/h2>\t\t<\/div>\n\t\t\t\t<\/div>\n\t\t\t\t<div class=\"elementor-element elementor-element-75b1728 elementor-widget elementor-widget-text-editor\" data-id=\"75b1728\" data-element_type=\"widget\" data-widget_type=\"text-editor.default\">\n\t\t\t\t<div class=\"elementor-widget-container\">\n\t\t\t\t\t\t\t\t<p>Innerhalb der Grenzen Navarras gibt es drei verschiedene Herkunftsgebiete:<\/p><p>Die <strong>Herkunftsbezeichnung Navarra<\/strong> umfasst die Weinberge und Weine aus 95 Gemeinden und bezieht sich ausschlie\u00dflich auf die Region Navarra.<\/p><p>Die <strong>Herkunftsbezeichnung Rioja<\/strong> schlie\u00dft in ihr gesch\u00fctztes Herkunftsgebiet 8 Gemeinden aus Navarra mit ein, die sich am linken Ufer des Flusses Ebro befinden und zum Untergebiet der Unteren Rioja (Rioja Baja) geh\u00f6ren: Viana, Aras, Bargota, Mendavia, Sartaguda, Andosilla, San Adri\u00e1n und Azagra. Insgesamt machen sie 6 800 Hektar dieses Herkunftsgebiets aus.<\/p><p>Die <strong>Herkunftsbezeichnung Cava<\/strong> bezieht sich ausschlie\u00dflich auf Schaumweine, die in bestimmten Gemeinden folgender Provinzen gekeltert werden: Barcelona, Tarragona, L\u00e9rida, Gerona, Zaragoza, Valencia, Badajoz, La Rioja, \u00c1lava und Navarra. In Navarra geh\u00f6ren zwei Gemeinden dieser Herkunftsbezeichnung an: Mendavia und Viana.<\/p>\t\t\t\t\t\t<\/div>\n\t\t\t\t<\/div>\n\t\t\t\t<div class=\"elementor-element elementor-element-adb6e63 elementor-invisible elementor-widget elementor-widget-heading\" data-id=\"adb6e63\" data-element_type=\"widget\" data-settings=\"{&quot;_animation&quot;:&quot;slideInDown&quot;}\" data-widget_type=\"heading.default\">\n\t\t\t\t<div class=\"elementor-widget-container\">\n\t\t\t<h2 class=\"elementor-heading-title elementor-size-default\">Gesch\u00fctzte Geographische Angaben:<\/h2>\t\t<\/div>\n\t\t\t\t<\/div>\n\t\t\t\t<div class=\"elementor-element elementor-element-ec393d9 elementor-widget elementor-widget-text-editor\" data-id=\"ec393d9\" data-element_type=\"widget\" data-widget_type=\"text-editor.default\">\n\t\t\t\t<div class=\"elementor-widget-container\">\n\t\t\t\t\t\t\t\t<p>In Navarra gibt es zwei gesch\u00fctzte geographische Angaben (g.g.A.):<\/p><p><strong>Die g.g.A.<\/strong> \u201c3 Riberas\u201d sch\u00fctzt einen Tafelwein, der auch die traditionelle Bezeichnung \u201cLandwein\u201d tragen darf und ausschlie\u00dflich in Navarra gekeltert wird.<\/p><p><strong>Die g.g.A. \u201cVino de la Tierra de Ribera del Queiles\u201d<\/strong> sch\u00fctzt die Tafelweine aus dem Weingebiet des Flusses Queiles und umfasst 9 Gemeinden aus Aragonien und 7 Gemeinden aus Navarra (Ablitas, Barillas, Cascante, Monteagudo, Murchante, Tudela und Tulebras).<\/p>\t\t\t\t\t\t<\/div>\n\t\t\t\t<\/div>\n\t\t\t\t<div class=\"elementor-element elementor-element-09ff392 elementor-invisible elementor-widget elementor-widget-heading\" data-id=\"09ff392\" data-element_type=\"widget\" data-settings=\"{&quot;_animation&quot;:&quot;slideInDown&quot;}\" data-widget_type=\"heading.default\">\n\t\t\t\t<div class=\"elementor-widget-container\">\n\t\t\t<h2 class=\"elementor-heading-title elementor-size-default\">Export<\/h2>\t\t<\/div>\n\t\t\t\t<\/div>\n\t\t\t\t<div class=\"elementor-element elementor-element-ccf106a elementor-widget elementor-widget-text-editor\" data-id=\"ccf106a\" data-element_type=\"widget\" data-widget_type=\"text-editor.default\">\n\t\t\t\t<div class=\"elementor-widget-container\">\n\t\t\t\t\t\t\t\t<p>Im Jahr 2025 wurden 6.267.007 Liter Wein exportiert, in erster Linie in die europ\u00e4ischen L\u00e4nder.<\/p><p>F\u00fcr zus\u00e4tzliche Informationen \u00fcber den Weinexport aus Navarra klicken Sie bitte <a class=\"link\" href=\"https:\/\/vinosnavarra.com\/de\/vinos-de-navarra\/hier\/\"><strong>hier<\/strong><\/a>.<\/p>\t\t\t\t\t\t<\/div>\n\t\t\t\t<\/div>\n\t\t\t\t\t<\/div>\n\t\t<\/div>\n\t\t\t\t<div class=\"elementor-column elementor-col-50 elementor-inner-column elementor-element elementor-element-e5d38a6\" data-id=\"e5d38a6\" data-element_type=\"column\">\n\t\t\t<div class=\"elementor-widget-wrap elementor-element-populated\">\n\t\t\t\t\t\t\t\t<div class=\"elementor-element elementor-element-656e68b elementor-widget elementor-widget-wp-widget-custom_html\" data-id=\"656e68b\" data-element_type=\"widget\" data-widget_type=\"wp-widget-custom_html.default\">\n\t\t\t\t<div class=\"elementor-widget-container\">\n\t\t\t<div class=\"textwidget custom-html-widget\"><table class=\"tabla-graph\">\r\n  <thead>\r\n    <th>Jahr<\/th>\r\n    <th>Trauben (kg)<\/th>\r\n    <th>Wein (Litern)<\/th>\r\n    <th>Beurteilung<\/th>\r\n  <\/thead>\r\n  <tr>\r\n  <tr>\r\n    <td>2007<\/td>\r\n    <td>105.413.827<\/td>\r\n    <td>69.750.124<\/td>\r\n    <td>Sehr Gut<\/td>\r\n  <\/tr>\r\n  <tr>\r\n    <td>2008<\/td>\r\n    <td>84.710.633<\/td>\r\n    <td>56.216.817<\/td>\r\n    <td>Sehr Gut<\/td>\r\n  <\/tr>\r\n  <tr>\r\n    <td>2009<\/td>\r\n    <td>99.122.781<\/td>\r\n    <td>61.923.973<\/td>\r\n    <td>Sehr Gut<\/td>\r\n  <\/tr>\r\n  <tr>\r\n    <td>2010<\/td>\r\n    <td>87.277.666<\/td>\r\n    <td>56.961.009<\/td>\r\n    <td>Ausgezeichnet<\/td>\r\n  <\/tr> <tr>\r\n    <td>2011<\/td>\r\n    <td>71.834.870<\/td>\r\n    <td>47.796.986<\/td>\r\n    <td>Ausgezeichnet<\/td>\r\n  <\/tr>\r\n  <tr>\r\n    <td>2012<\/td>\r\n    <td>63.659.690<\/td>\r\n    <td>41.977.311<\/td>\r\n    <td>Sehr gut<\/td>\r\n  <\/tr>\r\n  <tr>\r\n    <td>2013<\/td>\r\n    <td>69.763.620<\/td>\r\n    <td>46.743.758<\/td>\r\n    <td>Ausgezeichnet<\/td>\r\n  <\/tr>\r\n  <tr>\r\n    <td>2014<\/td>\r\n    <td>75.802.021<\/td>\r\n    <td>50.288.942<\/td>\r\n    <td>Sehr gut<\/td>\r\n  <\/tr>\r\n  <tr>\r\n    <td>2015<\/td>\r\n    <td>84.218.523<\/td>\r\n    <td>55.871.280<\/td>\r\n    <td>Sehr gut<\/td>\r\n  <\/tr>\r\n  <tr>\r\n    <td>2016<\/td>\r\n    <td>82.963.204<\/td>\r\n    <td>51.143.666<\/td>\r\n    <td>Sehr gut<\/td>\r\n  <\/tr>\r\n  <tr>\r\n    <td>2017<\/td>\r\n    <td>59.515.883<\/td>\r\n    <td>39.587.641<\/td>\r\n    <td>Sehr gut<\/td>\r\n  <\/tr>\r\n  <tr>\r\n    <td>2018<\/td>\r\n    <td>81.015.390<\/td>\r\n    <td>48.354.581<\/td>\r\n    <td>Gut<\/td>\r\n  <\/tr>\r\n  <tr>\r\n    <td>2019<\/td>\r\n    <td>55.925.142<\/td>\r\n    <td>39.492.164<\/td>\r\n    <td>Sehr gut<\/td>\r\n  <\/tr>\r\n  <tr>\r\n    <td>2020<\/td>\r\n    <td>74.986.913<\/td>\r\n    <td>45.592.374<\/td>\r\n    <td>Ausgezeichnet<\/td>\r\n  <\/tr>\r\n  <tr>\r\n    <td>2021<\/td>\r\n    <td>59.734.708<\/td>\r\n    <td>37.344.010<\/td>\r\n    <td>Sehr gut<\/td>\r\n  <\/tr>\r\n  <tr>\r\n    <td>2022<\/td>\r\n    <td>60.012.034<\/td>\r\n    <td>38.568.411<\/td>\r\n    <td>Gut<\/td>\r\n  <\/tr>\r\n<tr>\r\n    <td>2023<\/td>\r\n    <td>56.101.281<\/td>\r\n    <td>34.652.490<\/td>\r\n    <td>Gut<\/td>\r\n  <\/tr>\r\n <tr>\r\n    <td>2024<\/td>\r\n    <td>44.290.719<\/td>\r\n    <td>28.808.531<\/td>\r\n    <td>Sehr Gut<\/td>\r\n  <\/tr>\r\n <tr>\r\n    <td>2025<\/td>\r\n    <td>34.391.360<\/td>\r\n    <td>22.263.036<\/td>\r\n    <td>Ausstehend<\/td>\r\n  <\/tr>\r\n<\/table><\/div>\t\t<\/div>\n\t\t\t\t<\/div>\n\t\t\t\t\t<\/div>\n\t\t<\/div>\n\t\t\t\t\t\t\t<\/div>\n\t\t<\/section>\n\t\t\t\t\t<\/div>\n\t\t<\/div>\n\t\t\t\t\t\t\t<\/div>\n\t\t<\/section>\n\t\t\t\t\t\t<\/div>\n\t\t\t\t\t<\/div>\n\t\t","protected":false},"excerpt":{"rendered":"<p>Weine aus Navarra Weine aus Navarra Das Weinland Navarra bietet den M\u00e4rkten eine ausgesprochene Vielfalt an verschiedenen Weinen von h\u00f6chster Qualit\u00e4t: Lagenweine sowie Weine mit dem G\u00fctesiegel von drei gesch\u00fctzten Herkunftsbezeichnungen und zwei gesch\u00fctzten geographischen Angaben. Lagenweine Der Lagenwein ist eine besonders anerkannte Weinkategorie, die sich auf Weine hoher Qualit\u00e4t aus Weinbergen mit ganz speziellen&hellip;<\/p>\n","protected":false},"author":1,"featured_media":0,"parent":0,"menu_order":30,"comment_status":"closed","ping_status":"closed","template":"elementor_header_footer","meta":[],"yoast_head":"<!-- This site is optimized with the Yoast SEO plugin v16.5 - https:\/\/yoast.com\/wordpress\/plugins\/seo\/ -->\n<title>Weine von Navarra: Navarra, Land der Weinberge und einer Vielfalt an Weinen.<\/title>\n<meta name=\"description\" content=\"Weine von Navarra: Navarra, Land der Weinberge und einer Vielfalt von Weinen, bietet dem Markt eine hohe Auswahl an Qualit\u00e4tsweinen.\" \/>\n<meta name=\"robots\" content=\"index, follow, max-snippet:-1, max-image-preview:large, max-video-preview:-1\" \/>\n<link rel=\"canonical\" href=\"https:\/\/vinosnavarra.com\/de\/weine-aus-navarra\/\" \/>\n<meta property=\"og:locale\" content=\"de_DE\" \/>\n<meta property=\"og:type\" content=\"article\" \/>\n<meta property=\"og:title\" content=\"Weine von Navarra: Navarra, Land der Weinberge und einer Vielfalt an Weinen.\" \/>\n<meta property=\"og:description\" content=\"Weine von Navarra: Navarra, Land der Weinberge und einer Vielfalt von Weinen, bietet dem Markt eine hohe Auswahl an Qualit\u00e4tsweinen.\" \/>\n<meta property=\"og:url\" content=\"https:\/\/vinosnavarra.com\/de\/weine-aus-navarra\/\" \/>\n<meta property=\"og:site_name\" content=\"vinosnavarra.com\" \/>\n<meta property=\"article:modified_time\" content=\"2026-02-23T17:08:59+00:00\" \/>\n<meta name=\"twitter:card\" content=\"summary_large_image\" \/>\n<meta name=\"twitter:label1\" content=\"Gesch\u00e4tzte Lesezeit\" \/>\n\t<meta name=\"twitter:data1\" content=\"2 Minuten\" \/>\n<script type=\"application\/ld+json\" class=\"yoast-schema-graph\">{\"@context\":\"https:\/\/schema.org\",\"@graph\":[{\"@type\":\"WebSite\",\"@id\":\"https:\/\/vinosnavarra.com\/#website\",\"url\":\"https:\/\/vinosnavarra.com\/\",\"name\":\"vinosnavarra.com\",\"description\":\"Otro sitio realizado con WordPress\",\"potentialAction\":[{\"@type\":\"SearchAction\",\"target\":\"https:\/\/vinosnavarra.com\/?s={search_term_string}\",\"query-input\":\"required name=search_term_string\"}],\"inLanguage\":\"de-DE\"},{\"@type\":\"WebPage\",\"@id\":\"https:\/\/vinosnavarra.com\/de\/weine-aus-navarra\/#webpage\",\"url\":\"https:\/\/vinosnavarra.com\/de\/weine-aus-navarra\/\",\"name\":\"Weine von Navarra: Navarra, Land der Weinberge und einer Vielfalt an Weinen.\",\"isPartOf\":{\"@id\":\"https:\/\/vinosnavarra.com\/#website\"},\"datePublished\":\"2021-05-24T07:49:39+00:00\",\"dateModified\":\"2026-02-23T17:08:59+00:00\",\"description\":\"Weine von Navarra: Navarra, Land der Weinberge und einer Vielfalt von Weinen, bietet dem Markt eine hohe Auswahl an Qualit\\u00e4tsweinen.\",\"breadcrumb\":{\"@id\":\"https:\/\/vinosnavarra.com\/de\/weine-aus-navarra\/#breadcrumb\"},\"inLanguage\":\"de-DE\",\"potentialAction\":[{\"@type\":\"ReadAction\",\"target\":[\"https:\/\/vinosnavarra.com\/de\/weine-aus-navarra\/\"]}]},{\"@type\":\"BreadcrumbList\",\"@id\":\"https:\/\/vinosnavarra.com\/de\/weine-aus-navarra\/#breadcrumb\",\"itemListElement\":[{\"@type\":\"ListItem\",\"position\":1,\"name\":\"Portada\",\"item\":\"https:\/\/vinosnavarra.com\/de\/\"},{\"@type\":\"ListItem\",\"position\":2,\"name\":\"WEINE AUS NAVARRA\"}]}]}<\/script>\n<!-- \/ Yoast SEO plugin. -->","_links":{"self":[{"href":"https:\/\/vinosnavarra.com\/de\/wp-json\/wp\/v2\/pages\/32903"}],"collection":[{"href":"https:\/\/vinosnavarra.com\/de\/wp-json\/wp\/v2\/pages"}],"about":[{"href":"https:\/\/vinosnavarra.com\/de\/wp-json\/wp\/v2\/types\/page"}],"author":[{"embeddable":true,"href":"https:\/\/vinosnavarra.com\/de\/wp-json\/wp\/v2\/users\/1"}],"replies":[{"embeddable":true,"href":"https:\/\/vinosnavarra.com\/de\/wp-json\/wp\/v2\/comments?post=32903"}],"version-history":[{"count":45,"href":"https:\/\/vinosnavarra.com\/de\/wp-json\/wp\/v2\/pages\/32903\/revisions"}],"predecessor-version":[{"id":34735,"href":"https:\/\/vinosnavarra.com\/de\/wp-json\/wp\/v2\/pages\/32903\/revisions\/34735"}],"wp:attachment":[{"href":"https:\/\/vinosnavarra.com\/de\/wp-json\/wp\/v2\/media?parent=32903"}],"curies":[{"name":"wp","href":"https:\/\/api.w.org\/{rel}","templated":true}]}}