{"id":32914,"date":"2021-05-24T11:17:36","date_gmt":"2021-05-24T11:17:36","guid":{"rendered":"http:\/\/vinosnavarra.com\/vinos-de-navarra\/exportacion\/"},"modified":"2026-02-22T12:03:12","modified_gmt":"2026-02-22T12:03:12","slug":"export","status":"publish","type":"page","link":"https:\/\/vinosnavarra.com\/de\/weine-aus-navarra\/export\/","title":{"rendered":"Export"},"content":{"rendered":"\t\t<div data-elementor-type=\"wp-page\" data-elementor-id=\"32914\" class=\"elementor elementor-32914 elementor-31731\" data-elementor-settings=\"[]\">\n\t\t\t\t\t\t\t<div class=\"elementor-section-wrap\">\n\t\t\t\t\t\t\t<section class=\"elementor-section elementor-top-section elementor-element elementor-element-9d7906b elementor-section-full_width elementor-section-height-min-height elementor-section-content-top elementor-section-height-default elementor-section-items-middle\" data-id=\"9d7906b\" data-element_type=\"section\" data-settings=\"{&quot;shape_divider_bottom&quot;:&quot;mountains&quot;,&quot;background_background&quot;:&quot;classic&quot;}\">\n\t\t\t\t\t\t\t<div class=\"elementor-background-overlay\"><\/div>\n\t\t\t\t\t\t<div class=\"elementor-shape elementor-shape-bottom\" data-negative=\"false\">\n\t\t\t<svg xmlns=\"http:\/\/www.w3.org\/2000\/svg\" viewBox=\"0 0 1000 100\" preserveAspectRatio=\"none\">\n\t<path class=\"elementor-shape-fill\" opacity=\"0.33\" d=\"M473,67.3c-203.9,88.3-263.1-34-320.3,0C66,119.1,0,59.7,0,59.7V0h1000v59.7 c0,0-62.1,26.1-94.9,29.3c-32.8,3.3-62.8-12.3-75.8-22.1C806,49.6,745.3,8.7,694.9,4.7S492.4,59,473,67.3z\"\/>\n\t<path class=\"elementor-shape-fill\" opacity=\"0.66\" d=\"M734,67.3c-45.5,0-77.2-23.2-129.1-39.1c-28.6-8.7-150.3-10.1-254,39.1 s-91.7-34.4-149.2,0C115.7,118.3,0,39.8,0,39.8V0h1000v36.5c0,0-28.2-18.5-92.1-18.5C810.2,18.1,775.7,67.3,734,67.3z\"\/>\n\t<path class=\"elementor-shape-fill\" d=\"M766.1,28.9c-200-57.5-266,65.5-395.1,19.5C242,1.8,242,5.4,184.8,20.6C128,35.8,132.3,44.9,89.9,52.5C28.6,63.7,0,0,0,0 h1000c0,0-9.9,40.9-83.6,48.1S829.6,47,766.1,28.9z\"\/>\n<\/svg>\t\t<\/div>\n\t\t\t\t\t<div class=\"elementor-container elementor-column-gap-wider\">\n\t\t\t\t\t<div class=\"elementor-column elementor-col-100 elementor-top-column elementor-element elementor-element-09ea10b\" data-id=\"09ea10b\" data-element_type=\"column\">\n\t\t\t<div class=\"elementor-widget-wrap elementor-element-populated\">\n\t\t\t\t\t\t\t\t<div class=\"elementor-element elementor-element-1755d35 elementor-invisible elementor-widget elementor-widget-heading\" data-id=\"1755d35\" data-element_type=\"widget\" data-settings=\"{&quot;_animation&quot;:&quot;fadeInLeft&quot;}\" data-widget_type=\"heading.default\">\n\t\t\t\t<div class=\"elementor-widget-container\">\n\t\t\t<h1 class=\"elementor-heading-title elementor-size-default\">Exporte<\/h1>\t\t<\/div>\n\t\t\t\t<\/div>\n\t\t\t\t\t<\/div>\n\t\t<\/div>\n\t\t\t\t\t\t\t<\/div>\n\t\t<\/section>\n\t\t\t\t<section class=\"elementor-section elementor-top-section elementor-element elementor-element-8feb9fc elementor-section-boxed elementor-section-height-default elementor-section-height-default\" data-id=\"8feb9fc\" data-element_type=\"section\" data-settings=\"{&quot;background_background&quot;:&quot;classic&quot;}\">\n\t\t\t\t\t\t<div class=\"elementor-container elementor-column-gap-no\">\n\t\t\t\t\t<div class=\"elementor-column elementor-col-100 elementor-top-column elementor-element elementor-element-24642b1\" data-id=\"24642b1\" data-element_type=\"column\">\n\t\t\t<div class=\"elementor-widget-wrap elementor-element-populated\">\n\t\t\t\t\t\t\t\t<div class=\"elementor-element elementor-element-8bb70aa elementor-invisible elementor-widget elementor-widget-heading\" data-id=\"8bb70aa\" data-element_type=\"widget\" data-settings=\"{&quot;_animation&quot;:&quot;fadeInDown&quot;}\" data-widget_type=\"heading.default\">\n\t\t\t\t<div class=\"elementor-widget-container\">\n\t\t\t<h2 class=\"elementor-heading-title elementor-size-default\">Exporte<\/h2>\t\t<\/div>\n\t\t\t\t<\/div>\n\t\t\t\t<section class=\"elementor-section elementor-inner-section elementor-element elementor-element-6db37e8 elementor-section-boxed elementor-section-height-default elementor-section-height-default\" data-id=\"6db37e8\" data-element_type=\"section\">\n\t\t\t\t\t\t<div class=\"elementor-container elementor-column-gap-wider\">\n\t\t\t\t\t<div class=\"elementor-column elementor-col-100 elementor-inner-column elementor-element elementor-element-acc33e9\" data-id=\"acc33e9\" data-element_type=\"column\">\n\t\t\t<div class=\"elementor-widget-wrap elementor-element-populated\">\n\t\t\t\t\t\t\t\t<div class=\"elementor-element elementor-element-c60c48b elementor-invisible elementor-widget elementor-widget-heading\" data-id=\"c60c48b\" data-element_type=\"widget\" data-settings=\"{&quot;_animation&quot;:&quot;slideInDown&quot;}\" data-widget_type=\"heading.default\">\n\t\t\t\t<div class=\"elementor-widget-container\">\n\t\t\t<h2 class=\"elementor-heading-title elementor-size-default\">Vermarktung der Weine der Herkunftsbezeichnung Navarra\n<\/h2>\t\t<\/div>\n\t\t\t\t<\/div>\n\t\t\t\t<div class=\"elementor-element elementor-element-e55c6fd elementor-widget elementor-widget-text-editor\" data-id=\"e55c6fd\" data-element_type=\"widget\" data-widget_type=\"text-editor.default\">\n\t\t\t\t<div class=\"elementor-widget-container\">\n\t\t\t\t\t\t\t\t<p data-start=\"0\" data-end=\"178\">Im Jahr 2025 wurden 62.670 Hektoliter Flaschenwein exportiert. Von den gesamten Flaschenweinexporten entfallen 54 % auf Rotweine, 16,5 % auf Ros\u00e9weine und 29,5 % auf Wei\u00dfweine.<\/p><p data-start=\"180\" data-end=\"354\" data-is-last-node=\"\" data-is-only-node=\"\">Die wichtigsten Absatzm\u00e4rkte f\u00fcr Navarra sind: Holland mit 14.616 hl, Deutschland mit 11.599 hl, Gro\u00dfbritannien mit 7.774 hl und die Vereinigten Staaten mit 2.971 hl.<\/p>\t\t\t\t\t\t<\/div>\n\t\t\t\t<\/div>\n\t\t\t\t<div class=\"elementor-element elementor-element-7110390 elementor-invisible elementor-widget elementor-widget-heading\" data-id=\"7110390\" data-element_type=\"widget\" data-settings=\"{&quot;_animation&quot;:&quot;slideInDown&quot;}\" data-widget_type=\"heading.default\">\n\t\t\t\t<div class=\"elementor-widget-container\">\n\t\t\t<h2 class=\"elementor-heading-title elementor-size-default\">Gesamtexporte in hl.<\/h2>\t\t<\/div>\n\t\t\t\t<\/div>\n\t\t\t\t<div class=\"elementor-element elementor-element-656e68b elementor-widget elementor-widget-wp-widget-custom_html\" data-id=\"656e68b\" data-element_type=\"widget\" data-widget_type=\"wp-widget-custom_html.default\">\n\t\t\t\t<div class=\"elementor-widget-container\">\n\t\t\t<div class=\"textwidget custom-html-widget\"><table class=\"tabla-graph-p\">\r\n  <thead>\r\n    <th>2015<\/th>\r\n    <th>2016<\/th>\r\n    <th>2017<\/th>\r\n    <th>2017<\/th>\r\n    <th>2018<\/th>\r\n    <th>2018<\/th>\r\n    <th>2019<\/th>\r\n    <th>2019<\/th>\r\n    <th>2020<\/th>\r\n    <th>2021<\/th>\r\n    <th>2022<\/th>\r\n    <th>2023<\/th>\r\n    <th>2024<\/th>\r\n    <th>2025<\/th>\r\n  <\/thead>\r\n  <tr>\r\n    <td>122.362<\/td>\r\n    <td>125.142<\/td>\r\n    <td>110.634<\/td>\r\n    <td>119.014<\/td>\r\n    <td>94.999<\/td>\r\n    <td>94.999<\/td>\r\n    <td>106.431<\/td>\r\n    <td>106.431<\/td>\r\n    <td>86.868<\/td>\r\n    <td>91.920<\/td>\r\n    <td>75.878<\/td>\r\n    <td>67.885<\/td>\r\n    <td>65.027<\/td>\r\n    <td>62.670<\/td>\r\n  <\/tr>\r\n<\/table><\/div>\t\t<\/div>\n\t\t\t\t<\/div>\n\t\t\t\t<div class=\"elementor-element elementor-element-fbf6504 elementor-invisible elementor-widget elementor-widget-heading\" data-id=\"fbf6504\" data-element_type=\"widget\" data-settings=\"{&quot;_animation&quot;:&quot;slideInDown&quot;}\" data-widget_type=\"heading.default\">\n\t\t\t\t<div class=\"elementor-widget-container\">\n\t\t\t<h2 class=\"elementor-heading-title elementor-size-default\">Hauptabsatzm\u00e4rkte f\u00fcr in Flaschen abgef\u00fcllte Wine in hl.<\/h2>\t\t<\/div>\n\t\t\t\t<\/div>\n\t\t\t\t<div class=\"elementor-element elementor-element-9e0275e elementor-widget elementor-widget-wp-widget-custom_html\" data-id=\"9e0275e\" data-element_type=\"widget\" data-widget_type=\"wp-widget-custom_html.default\">\n\t\t\t\t<div class=\"elementor-widget-container\">\n\t\t\t<div class=\"textwidget custom-html-widget\"><table class=\"tabla-graph\">\r\n  <thead>\r\n    <th><\/th>\r\n    <th>2015<\/th>\r\n    <th>2016<\/th>\r\n    <th>2017<\/th>\r\n    <th>2018<\/th>\r\n    <th>2019<\/th>\r\n    <th>2020<\/th>\r\n    <th>2021<\/th>\r\n    <th>2022<\/th>\r\n    <th>2023<\/th>\r\n    <th>2024<\/th>\r\n    <th>2025<\/th>\r\n  <\/thead>\r\n  <tr>\r\n    <th>Deutschland<\/th>\r\n    <td>26.432<\/td>\r\n    <td>26.665<\/td>\r\n    <td>21.194<\/td>\r\n    <td>17.449<\/td>\r\n    <td>16.375<\/td>\r\n    <td>15.996<\/td>\r\n    <td>19.047<\/td>\r\n    <td>13.017<\/td>\r\n    <td>13.845<\/td>\r\n    <td>12.169<\/td>\r\n   <td>11.599<\/td>\r\n  <\/tr>\r\n  <tr>\r\n    <th>China<\/th>\r\n    <td>16.888<\/td>\r\n    <td>22.632<\/td>\r\n    <td>28.764<\/td>\r\n    <td>25.142<\/td>\r\n    <td>30.372<\/td>\r\n    <td>12.850<\/td>\r\n    <td>15.806<\/td>\r\n    <td>10.003<\/td>\r\n    <td>5.849<\/td>\r\n    <td>4.186<\/td>\r\n    <td>2.554<\/td>\r\n  <\/tr>\r\n  <tr>\r\n    <th>Gro\u00dfbritannien<\/th>\r\n    <td>20.125<\/td>\r\n    <td>16.494<\/td>\r\n    <td>13.851<\/td>\r\n    <td>11.788<\/td>\r\n    <td>10.648<\/td>\r\n    <td>10.198<\/td>\r\n    <td>8.978<\/td>\r\n    <td>8.572<\/td>\r\n    <td>8.351<\/td>\r\n    <td>8.199<\/td>\r\n    <td>7.774<\/td>\r\n  <\/tr>\r\n  <tr>\r\n    <th>Holland<\/th>\r\n    <td>13.648<\/td>\r\n    <td>9.827<\/td>\r\n    <td>8.445<\/td>\r\n    <td>7.122<\/td>\r\n    <td>8.737<\/td>\r\n    <td>7.538<\/td>\r\n    <td>7.951<\/td>\r\n    <td>4.459<\/td>\r\n    <td>8.184<\/td>\r\n    <td>12.193<\/td>\r\n    <td>14.616<\/td>\r\n  <\/tr>\r\n  <tr>\r\n    <th>Schweiz<\/th>\r\n    <td>-<\/td>\r\n    <td>-<\/td>\r\n    <td>-<\/td>\r\n    <td>-<\/td>\r\n    <td>-<\/td>\r\n    <td>5.672<\/td>\r\n    <td>7.170<\/td>\r\n    <td>5.950<\/td>\r\n    <td>3.736<\/td>\r\n    <td>2.562<\/td>\r\n    <td>2.208<\/td>\r\n  <\/tr>\r\n  <tr>\r\n    <th>USA<\/th>\r\n    <td>7.350<\/td>\r\n    <td>6.992<\/td>\r\n    <td>5.854<\/td>\r\n    <td>4.844<\/td>\r\n    <td>6.196<\/td>\r\n    <td>4.690<\/td>\r\n    <td>4.048<\/td>\r\n    <td>5.057<\/td>\r\n    <td>3.313<\/td>\r\n    <td>3.492<\/td>\r\n    <td>2.971<\/td>\r\n  <\/tr>\r\n<\/table><\/div>\t\t<\/div>\n\t\t\t\t<\/div>\n\t\t\t\t<div class=\"elementor-element elementor-element-82cd9c5 elementor-widget elementor-widget-wp-widget-custom_html\" data-id=\"82cd9c5\" data-element_type=\"widget\" data-widget_type=\"wp-widget-custom_html.default\">\n\t\t\t\t<div class=\"elementor-widget-container\">\n\t\t\t<div class=\"textwidget custom-html-widget\"><\/div>\t\t<\/div>\n\t\t\t\t<\/div>\n\t\t\t\t\t<\/div>\n\t\t<\/div>\n\t\t\t\t\t\t\t<\/div>\n\t\t<\/section>\n\t\t\t\t\t<\/div>\n\t\t<\/div>\n\t\t\t\t\t\t\t<\/div>\n\t\t<\/section>\n\t\t\t\t\t\t<\/div>\n\t\t\t\t\t<\/div>\n\t\t","protected":false},"excerpt":{"rendered":"<p>Exporte Exporte Vermarktung der Weine der Herkunftsbezeichnung Navarra Im Jahr 2025 wurden 62.670 Hektoliter Flaschenwein exportiert. Von den gesamten Flaschenweinexporten entfallen 54 % auf Rotweine, 16,5 % auf Ros\u00e9weine und 29,5 % auf Wei\u00dfweine. Die wichtigsten Absatzm\u00e4rkte f\u00fcr Navarra sind: Holland mit 14.616 hl, Deutschland mit 11.599 hl, Gro\u00dfbritannien mit 7.774 hl und die Vereinigten&hellip;<\/p>\n","protected":false},"author":1,"featured_media":0,"parent":32903,"menu_order":30,"comment_status":"closed","ping_status":"closed","template":"elementor_header_footer","meta":[],"yoast_head":"<!-- This site is optimized with the Yoast SEO plugin v16.5 - https:\/\/yoast.com\/wordpress\/plugins\/seo\/ -->\n<title>Export von Weinen mit D.O. Navarra. Weing\u00fcter Navarras.<\/title>\n<meta name=\"description\" content=\"Export und Vermarktung von Weinen mit D.O. Navarra: Rotweine, Ros\u00e9weine und Wei\u00dfweine.\" \/>\n<meta name=\"robots\" content=\"index, follow, max-snippet:-1, max-image-preview:large, max-video-preview:-1\" \/>\n<link rel=\"canonical\" href=\"https:\/\/vinosnavarra.com\/de\/weine-aus-navarra\/export\/\" \/>\n<meta property=\"og:locale\" content=\"de_DE\" \/>\n<meta property=\"og:type\" content=\"article\" \/>\n<meta property=\"og:title\" content=\"Export von Weinen mit D.O. Navarra. Weing\u00fcter Navarras.\" \/>\n<meta property=\"og:description\" content=\"Export und Vermarktung von Weinen mit D.O. Navarra: Rotweine, Ros\u00e9weine und Wei\u00dfweine.\" \/>\n<meta property=\"og:url\" content=\"https:\/\/vinosnavarra.com\/de\/weine-aus-navarra\/export\/\" \/>\n<meta property=\"og:site_name\" content=\"vinosnavarra.com\" \/>\n<meta property=\"article:modified_time\" content=\"2026-02-22T12:03:12+00:00\" \/>\n<meta name=\"twitter:card\" content=\"summary_large_image\" \/>\n<meta name=\"twitter:label1\" content=\"Gesch\u00e4tzte Lesezeit\" \/>\n\t<meta name=\"twitter:data1\" content=\"1 Minute\" \/>\n<script type=\"application\/ld+json\" class=\"yoast-schema-graph\">{\"@context\":\"https:\/\/schema.org\",\"@graph\":[{\"@type\":\"WebSite\",\"@id\":\"https:\/\/vinosnavarra.com\/#website\",\"url\":\"https:\/\/vinosnavarra.com\/\",\"name\":\"vinosnavarra.com\",\"description\":\"Otro sitio realizado con WordPress\",\"potentialAction\":[{\"@type\":\"SearchAction\",\"target\":\"https:\/\/vinosnavarra.com\/?s={search_term_string}\",\"query-input\":\"required name=search_term_string\"}],\"inLanguage\":\"de-DE\"},{\"@type\":\"WebPage\",\"@id\":\"https:\/\/vinosnavarra.com\/de\/weine-aus-navarra\/export\/#webpage\",\"url\":\"https:\/\/vinosnavarra.com\/de\/weine-aus-navarra\/export\/\",\"name\":\"Export von Weinen mit D.O. Navarra. Weing\\u00fcter Navarras.\",\"isPartOf\":{\"@id\":\"https:\/\/vinosnavarra.com\/#website\"},\"datePublished\":\"2021-05-24T11:17:36+00:00\",\"dateModified\":\"2026-02-22T12:03:12+00:00\",\"description\":\"Export und Vermarktung von Weinen mit D.O. Navarra: Rotweine, Ros\\u00e9weine und Wei\\u00dfweine.\",\"breadcrumb\":{\"@id\":\"https:\/\/vinosnavarra.com\/de\/weine-aus-navarra\/export\/#breadcrumb\"},\"inLanguage\":\"de-DE\",\"potentialAction\":[{\"@type\":\"ReadAction\",\"target\":[\"https:\/\/vinosnavarra.com\/de\/weine-aus-navarra\/export\/\"]}]},{\"@type\":\"BreadcrumbList\",\"@id\":\"https:\/\/vinosnavarra.com\/de\/weine-aus-navarra\/export\/#breadcrumb\",\"itemListElement\":[{\"@type\":\"ListItem\",\"position\":1,\"name\":\"Portada\",\"item\":\"https:\/\/vinosnavarra.com\/de\/\"},{\"@type\":\"ListItem\",\"position\":2,\"name\":\"WEINE AUS NAVARRA\",\"item\":\"https:\/\/vinosnavarra.com\/de\/vinos-de-navarra\/\"},{\"@type\":\"ListItem\",\"position\":3,\"name\":\"Export\"}]}]}<\/script>\n<!-- \/ Yoast SEO plugin. -->","_links":{"self":[{"href":"https:\/\/vinosnavarra.com\/de\/wp-json\/wp\/v2\/pages\/32914"}],"collection":[{"href":"https:\/\/vinosnavarra.com\/de\/wp-json\/wp\/v2\/pages"}],"about":[{"href":"https:\/\/vinosnavarra.com\/de\/wp-json\/wp\/v2\/types\/page"}],"author":[{"embeddable":true,"href":"https:\/\/vinosnavarra.com\/de\/wp-json\/wp\/v2\/users\/1"}],"replies":[{"embeddable":true,"href":"https:\/\/vinosnavarra.com\/de\/wp-json\/wp\/v2\/comments?post=32914"}],"version-history":[{"count":37,"href":"https:\/\/vinosnavarra.com\/de\/wp-json\/wp\/v2\/pages\/32914\/revisions"}],"predecessor-version":[{"id":34717,"href":"https:\/\/vinosnavarra.com\/de\/wp-json\/wp\/v2\/pages\/32914\/revisions\/34717"}],"up":[{"embeddable":true,"href":"https:\/\/vinosnavarra.com\/de\/wp-json\/wp\/v2\/pages\/32903"}],"wp:attachment":[{"href":"https:\/\/vinosnavarra.com\/de\/wp-json\/wp\/v2\/media?parent=32914"}],"curies":[{"name":"wp","href":"https:\/\/api.w.org\/{rel}","templated":true}]}}