{"id":32898,"date":"2021-05-24T07:49:39","date_gmt":"2021-05-24T07:49:39","guid":{"rendered":"http:\/\/vinosnavarra.com\/vinos-de-navarra\/"},"modified":"2026-02-23T17:08:19","modified_gmt":"2026-02-23T17:08:19","slug":"navarra-wines","status":"publish","type":"page","link":"https:\/\/vinosnavarra.com\/en\/navarra-wines\/","title":{"rendered":"Navarra Wines"},"content":{"rendered":"\t\t<div data-elementor-type=\"wp-page\" data-elementor-id=\"32898\" class=\"elementor elementor-32898 elementor-31688\" data-elementor-settings=\"[]\">\n\t\t\t\t\t\t\t<div class=\"elementor-section-wrap\">\n\t\t\t\t\t\t\t<section class=\"elementor-section elementor-top-section elementor-element elementor-element-9d7906b elementor-section-full_width elementor-section-height-min-height elementor-section-content-top elementor-section-height-default elementor-section-items-middle\" data-id=\"9d7906b\" data-element_type=\"section\" data-settings=\"{&quot;shape_divider_bottom&quot;:&quot;mountains&quot;,&quot;background_background&quot;:&quot;classic&quot;}\">\n\t\t\t\t\t\t\t<div class=\"elementor-background-overlay\"><\/div>\n\t\t\t\t\t\t<div class=\"elementor-shape elementor-shape-bottom\" data-negative=\"false\">\n\t\t\t<svg xmlns=\"http:\/\/www.w3.org\/2000\/svg\" viewBox=\"0 0 1000 100\" preserveAspectRatio=\"none\">\n\t<path class=\"elementor-shape-fill\" opacity=\"0.33\" d=\"M473,67.3c-203.9,88.3-263.1-34-320.3,0C66,119.1,0,59.7,0,59.7V0h1000v59.7 c0,0-62.1,26.1-94.9,29.3c-32.8,3.3-62.8-12.3-75.8-22.1C806,49.6,745.3,8.7,694.9,4.7S492.4,59,473,67.3z\"\/>\n\t<path class=\"elementor-shape-fill\" opacity=\"0.66\" d=\"M734,67.3c-45.5,0-77.2-23.2-129.1-39.1c-28.6-8.7-150.3-10.1-254,39.1 s-91.7-34.4-149.2,0C115.7,118.3,0,39.8,0,39.8V0h1000v36.5c0,0-28.2-18.5-92.1-18.5C810.2,18.1,775.7,67.3,734,67.3z\"\/>\n\t<path class=\"elementor-shape-fill\" d=\"M766.1,28.9c-200-57.5-266,65.5-395.1,19.5C242,1.8,242,5.4,184.8,20.6C128,35.8,132.3,44.9,89.9,52.5C28.6,63.7,0,0,0,0 h1000c0,0-9.9,40.9-83.6,48.1S829.6,47,766.1,28.9z\"\/>\n<\/svg>\t\t<\/div>\n\t\t\t\t\t<div class=\"elementor-container elementor-column-gap-wider\">\n\t\t\t\t\t<div class=\"elementor-column elementor-col-100 elementor-top-column elementor-element elementor-element-09ea10b\" data-id=\"09ea10b\" data-element_type=\"column\">\n\t\t\t<div class=\"elementor-widget-wrap elementor-element-populated\">\n\t\t\t\t\t\t\t\t<div class=\"elementor-element elementor-element-1755d35 elementor-invisible elementor-widget elementor-widget-heading\" data-id=\"1755d35\" data-element_type=\"widget\" data-settings=\"{&quot;_animation&quot;:&quot;fadeInLeft&quot;}\" data-widget_type=\"heading.default\">\n\t\t\t\t<div class=\"elementor-widget-container\">\n\t\t\t<h1 class=\"elementor-heading-title elementor-size-default\">Navarra Wines<\/h1>\t\t<\/div>\n\t\t\t\t<\/div>\n\t\t\t\t\t<\/div>\n\t\t<\/div>\n\t\t\t\t\t\t\t<\/div>\n\t\t<\/section>\n\t\t\t\t<section class=\"elementor-section elementor-top-section elementor-element elementor-element-8feb9fc elementor-section-boxed elementor-section-height-default elementor-section-height-default\" data-id=\"8feb9fc\" data-element_type=\"section\" data-settings=\"{&quot;background_background&quot;:&quot;classic&quot;}\">\n\t\t\t\t\t\t<div class=\"elementor-container elementor-column-gap-no\">\n\t\t\t\t\t<div class=\"elementor-column elementor-col-100 elementor-top-column elementor-element elementor-element-24642b1\" data-id=\"24642b1\" data-element_type=\"column\">\n\t\t\t<div class=\"elementor-widget-wrap elementor-element-populated\">\n\t\t\t\t\t\t\t\t<div class=\"elementor-element elementor-element-8bb70aa elementor-invisible elementor-widget elementor-widget-heading\" data-id=\"8bb70aa\" data-element_type=\"widget\" data-settings=\"{&quot;_animation&quot;:&quot;fadeInDown&quot;}\" data-widget_type=\"heading.default\">\n\t\t\t\t<div class=\"elementor-widget-container\">\n\t\t\t<h2 class=\"elementor-heading-title elementor-size-default\">Navarra Wines<\/h2>\t\t<\/div>\n\t\t\t\t<\/div>\n\t\t\t\t<section class=\"elementor-section elementor-inner-section elementor-element elementor-element-6db37e8 elementor-section-boxed elementor-section-height-default elementor-section-height-default\" data-id=\"6db37e8\" data-element_type=\"section\">\n\t\t\t\t\t\t<div class=\"elementor-container elementor-column-gap-wider\">\n\t\t\t\t\t<div class=\"elementor-column elementor-col-50 elementor-inner-column elementor-element elementor-element-acc33e9\" data-id=\"acc33e9\" data-element_type=\"column\">\n\t\t\t<div class=\"elementor-widget-wrap elementor-element-populated\">\n\t\t\t\t\t\t\t\t<div class=\"elementor-element elementor-element-4e0fb62 elementor-invisible elementor-widget elementor-widget-text-editor\" data-id=\"4e0fb62\" data-element_type=\"widget\" data-settings=\"{&quot;_animation&quot;:&quot;pulse&quot;}\" data-widget_type=\"text-editor.default\">\n\t\t\t\t<div class=\"elementor-widget-container\">\n\t\t\t\t\t\t\t\t<p>Navarre, land of vineyards and wines diversity, offers to the market a high range of quality wines: \u201cVinos de Pago\u201d, Wines protected by three Designation of Origin and wines protected by two Geographical Indications.<\/p>\t\t\t\t\t\t<\/div>\n\t\t\t\t<\/div>\n\t\t\t\t<div class=\"elementor-element elementor-element-c60c48b elementor-invisible elementor-widget elementor-widget-heading\" data-id=\"c60c48b\" data-element_type=\"widget\" data-settings=\"{&quot;_animation&quot;:&quot;slideInDown&quot;}\" data-widget_type=\"heading.default\">\n\t\t\t\t<div class=\"elementor-widget-container\">\n\t\t\t<h2 class=\"elementor-heading-title elementor-size-default\">\"Vinos de Pago\"<\/h2>\t\t<\/div>\n\t\t\t\t<\/div>\n\t\t\t\t<div class=\"elementor-element elementor-element-e55c6fd elementor-widget elementor-widget-text-editor\" data-id=\"e55c6fd\" data-element_type=\"widget\" data-widget_type=\"text-editor.default\">\n\t\t\t\t<div class=\"elementor-widget-container\">\n\t\t\t\t\t\t\t\t<p>The wine \u201cVino de Pago\u201d is a figure with special recognition that protects high quality wines from special characteristics vineyards. There are five \u201cvinos de pago\u201d recognized by the Administration of Navarre: Pago Se\u00f1or\u00edo de Ar\u00ednzano, Pago Prado de Irache, Pago de Otazu, Pago de Larrainzar and Pago Finca Boland\u00edn.<\/p>\t\t\t\t\t\t<\/div>\n\t\t\t\t<\/div>\n\t\t\t\t<div class=\"elementor-element elementor-element-86b7978 elementor-invisible elementor-widget elementor-widget-heading\" data-id=\"86b7978\" data-element_type=\"widget\" data-settings=\"{&quot;_animation&quot;:&quot;slideInDown&quot;}\" data-widget_type=\"heading.default\">\n\t\t\t\t<div class=\"elementor-widget-container\">\n\t\t\t<h2 class=\"elementor-heading-title elementor-size-default\">Designation of Origin wines\n<\/h2>\t\t<\/div>\n\t\t\t\t<\/div>\n\t\t\t\t<div class=\"elementor-element elementor-element-75b1728 elementor-widget elementor-widget-text-editor\" data-id=\"75b1728\" data-element_type=\"widget\" data-widget_type=\"text-editor.default\">\n\t\t\t\t<div class=\"elementor-widget-container\">\n\t\t\t\t\t\t\t\t<p>In the territory of Navarre coexist three Protected Designation of Origin:<\/p><p>The <strong>Navarra Designation of Origin<\/strong>, that protects the vineyards and wines of 95 towns exclusively from Navarre.<\/p><p>The <strong>Rioja Designation of Origin<\/strong>, that includes in its protected area 8 Navarrese towns located in the left margin of the Ebro river and which they are integrated in the \u201cRioja Baja\u201d subarea: Viana, Aras, Bargota, Mendavia, Sartaguda, Andosilla, San Adri\u00e1n and Azagra. Those towns contribute to the Designation of Origin with 6.800 Ha. of vineyard.<\/p><p>And the <strong>Cava Designation of Origin<\/strong>, reserved for the Spakling wines that are elaborated in certain towns of Barcelona, Tarragona, L\u00e9rida, Gerona, Zaragoza, Valencia, Badajoz, La Rioja, Alava and Navarre. In Navarre, the towns that belong to the D.O.Cava are Mendavia and Viana.<\/p>\t\t\t\t\t\t<\/div>\n\t\t\t\t<\/div>\n\t\t\t\t<div class=\"elementor-element elementor-element-adb6e63 elementor-invisible elementor-widget elementor-widget-heading\" data-id=\"adb6e63\" data-element_type=\"widget\" data-settings=\"{&quot;_animation&quot;:&quot;slideInDown&quot;}\" data-widget_type=\"heading.default\">\n\t\t\t\t<div class=\"elementor-widget-container\">\n\t\t\t<h2 class=\"elementor-heading-title elementor-size-default\">Protected Geographical Indications\n\n<\/h2>\t\t<\/div>\n\t\t\t\t<\/div>\n\t\t\t\t<div class=\"elementor-element elementor-element-ec393d9 elementor-widget elementor-widget-text-editor\" data-id=\"ec393d9\" data-element_type=\"widget\" data-widget_type=\"text-editor.default\">\n\t\t\t\t<div class=\"elementor-widget-container\">\n\t\t\t\t\t\t\t\t<p>Two PGI coexist in Navarre:<\/p><p><strong>\u201c3 Riberas\u201d<\/strong> Geographical indication, table wine with the right to be metion as traditional country wine, with exclusively Navarrese scope.<\/p><p><strong>\u201cVino de la tierra de la Ribera del Queiles\u201d<\/strong>, Geographical Indication used to designate table wines from the wine area of the Queiles river that includes 9 Aragonese towns and 7 towns from Navarre (Ablitas, Barillas, Cascante, Monteagudo, Murchante, Tudela and Tulebras).<\/p>\t\t\t\t\t\t<\/div>\n\t\t\t\t<\/div>\n\t\t\t\t<div class=\"elementor-element elementor-element-09ff392 elementor-invisible elementor-widget elementor-widget-heading\" data-id=\"09ff392\" data-element_type=\"widget\" data-settings=\"{&quot;_animation&quot;:&quot;slideInDown&quot;}\" data-widget_type=\"heading.default\">\n\t\t\t\t<div class=\"elementor-widget-container\">\n\t\t\t<h2 class=\"elementor-heading-title elementor-size-default\">Exports<\/h2>\t\t<\/div>\n\t\t\t\t<\/div>\n\t\t\t\t<div class=\"elementor-element elementor-element-ccf106a elementor-widget elementor-widget-text-editor\" data-id=\"ccf106a\" data-element_type=\"widget\" data-widget_type=\"text-editor.default\">\n\t\t\t\t<div class=\"elementor-widget-container\">\n\t\t\t\t\t\t\t\t<p data-start=\"0\" data-end=\"96\">In 2025, 6.267.007 liters of wine were exported, mainly to the European market.<\/p><p data-start=\"0\" data-end=\"96\">Click to know more about wine <strong><a class=\"link\" href=\"http:\/\/vinosnavarra.com\/vinos-de-navarra\/exports\/\">exports<\/a> <\/strong>with DO Navarra.<\/p>\t\t\t\t\t\t<\/div>\n\t\t\t\t<\/div>\n\t\t\t\t\t<\/div>\n\t\t<\/div>\n\t\t\t\t<div class=\"elementor-column elementor-col-50 elementor-inner-column elementor-element elementor-element-e5d38a6\" data-id=\"e5d38a6\" data-element_type=\"column\">\n\t\t\t<div class=\"elementor-widget-wrap elementor-element-populated\">\n\t\t\t\t\t\t\t\t<div class=\"elementor-element elementor-element-656e68b elementor-widget elementor-widget-wp-widget-custom_html\" data-id=\"656e68b\" data-element_type=\"widget\" data-widget_type=\"wp-widget-custom_html.default\">\n\t\t\t\t<div class=\"elementor-widget-container\">\n\t\t\t<div class=\"textwidget custom-html-widget\"><table class=\"tabla-graph\">\r\n  <thead>\r\n    <th>Year<\/th>\r\n    <th>Grapes (k)<\/th>\r\n    <th>Wine (l)<\/th>\r\n    <th>Official Rating<\/th>\r\n  <\/thead>\r\n  <tr>\r\n    <td>2007<\/td>\r\n    <td>105.413.827<\/td>\r\n    <td>69.750.124<\/td>\r\n    <td>Very Good<\/td>\r\n  <\/tr>\r\n  <tr>\r\n    <td>2008<\/td>\r\n    <td>84.710.633<\/td>\r\n    <td>56.216.817<\/td>\r\n    <td>Very Good<\/td>\r\n  <\/tr>\r\n  <tr>\r\n    <td>2009<\/td>\r\n    <td>99.122.781<\/td>\r\n    <td>61.923.973<\/td>\r\n    <td>Very Good<\/td>\r\n  <\/tr>\r\n  <tr>\r\n    <td>2010<\/td>\r\n    <td>87.277.666<\/td>\r\n    <td>56.961.009<\/td>\r\n    <td>Excelente<\/td>\r\n  <\/tr> <tr>\r\n    <td>2011<\/td>\r\n    <td>71.834.870<\/td>\r\n    <td>47.796.986<\/td>\r\n    <td>Excellent<\/td>\r\n  <\/tr>\r\n  <tr>\r\n    <td>2012<\/td>\r\n    <td>63.659.690<\/td>\r\n    <td>41.977.311<\/td>\r\n    <td>Very Good<\/td>\r\n  <\/tr>\r\n  <tr>\r\n    <td>2013<\/td>\r\n    <td>69.763.620<\/td>\r\n    <td>46.743.758<\/td>\r\n    <td>Excellent<\/td>\r\n  <\/tr>\r\n  <tr>\r\n    <td>2014<\/td>\r\n    <td>75.802.021<\/td>\r\n    <td>50.288.942<\/td>\r\n    <td>Very Good<\/td>\r\n  <\/tr>\r\n  <tr>\r\n    <td>2015<\/td>\r\n    <td>84.218.523<\/td>\r\n    <td>55.871.280<\/td>\r\n    <td>Very Good<\/td>\r\n  <\/tr>\r\n  <tr>\r\n    <td>2016<\/td>\r\n    <td>82.963.204<\/td>\r\n    <td>51.143.666<\/td>\r\n    <td>Very Good<\/td>\r\n  <\/tr>\r\n  <tr>\r\n    <td>2017<\/td>\r\n    <td>59.515.883<\/td>\r\n    <td>39.587.641<\/td>\r\n    <td>Very Good<\/td>\r\n  <\/tr>\r\n  <tr>\r\n    <td>2018<\/td>\r\n    <td>81.015.390<\/td>\r\n    <td>48.354.581<\/td>\r\n    <td>Good<\/td>\r\n  <\/tr>\r\n  <tr>\r\n    <td>2019<\/td>\r\n    <td>55.925.142<\/td>\r\n    <td>39.492.164<\/td>\r\n    <td>Very Good<\/td>\r\n  <\/tr>\r\n  <tr>\r\n    <td>2020<\/td>\r\n    <td>74.986.913<\/td>\r\n    <td>45.592.374<\/td>\r\n    <td>Excellent<\/td>\r\n  <\/tr>\r\n   <tr>\r\n    <td>2021<\/td>\r\n    <td>59.734.708<\/td>\r\n    <td>37.344.010<\/td>\r\n    <td>Very Good<\/td>\r\n  <\/tr>\r\n  <tr>\r\n    <td>2022<\/td>\r\n    <td>60.012.034<\/td>\r\n    <td>38.568.411<\/td>\r\n    <td>Good<\/td>\r\n  <\/tr>\r\n<tr>\r\n    <td>2023<\/td>\r\n    <td>56.101.281<\/td>\r\n    <td>34.652.490<\/td>\r\n    <td>Good<\/td>\r\n  <\/tr>\r\n <tr>\r\n    <td>2024<\/td>\r\n    <td>44.290.719<\/td>\r\n    <td>28.808.531<\/td>\r\n    <td>Very Good<\/td>\r\n  <\/tr>\r\n <tr>\r\n    <td>2025<\/td>\r\n    <td>34.391.360<\/td>\r\n    <td>22.263.036<\/td>\r\n    <td>To be determined<\/td>\r\n  <\/tr>\r\n<\/table><\/div>\t\t<\/div>\n\t\t\t\t<\/div>\n\t\t\t\t\t<\/div>\n\t\t<\/div>\n\t\t\t\t\t\t\t<\/div>\n\t\t<\/section>\n\t\t\t\t\t<\/div>\n\t\t<\/div>\n\t\t\t\t\t\t\t<\/div>\n\t\t<\/section>\n\t\t\t\t\t\t<\/div>\n\t\t\t\t\t<\/div>\n\t\t","protected":false},"excerpt":{"rendered":"<p>Navarra Wines Navarra Wines Navarre, land of vineyards and wines diversity, offers to the market a high range of quality wines: \u201cVinos de Pago\u201d, Wines protected by three Designation of Origin and wines protected by two Geographical Indications. &#8220;Vinos de Pago&#8221; The wine \u201cVino de Pago\u201d is a figure with special recognition that protects high&hellip;<\/p>\n","protected":false},"author":1,"featured_media":0,"parent":0,"menu_order":30,"comment_status":"closed","ping_status":"closed","template":"elementor_header_footer","meta":[],"yoast_head":"<!-- This site is optimized with the Yoast SEO plugin v16.5 - https:\/\/yoast.com\/wordpress\/plugins\/seo\/ -->\n<title>Navarra Wines: Navarre, land of vineyards and wines diversity.<\/title>\n<meta name=\"description\" content=\"Navarra Wines: Navarre, land of vineyards and wines diversity, offers to the market a high range of quality wines.\" \/>\n<meta name=\"robots\" content=\"index, follow, max-snippet:-1, max-image-preview:large, max-video-preview:-1\" \/>\n<link rel=\"canonical\" href=\"https:\/\/vinosnavarra.com\/en\/navarra-wines\/\" \/>\n<meta property=\"og:locale\" content=\"en_US\" \/>\n<meta property=\"og:type\" content=\"article\" \/>\n<meta property=\"og:title\" content=\"Navarra Wines: Navarre, land of vineyards and wines diversity.\" \/>\n<meta property=\"og:description\" content=\"Navarra Wines: Navarre, land of vineyards and wines diversity, offers to the market a high range of quality wines.\" \/>\n<meta property=\"og:url\" content=\"https:\/\/vinosnavarra.com\/en\/navarra-wines\/\" \/>\n<meta property=\"og:site_name\" content=\"vinosnavarra.com\" \/>\n<meta property=\"article:modified_time\" content=\"2026-02-23T17:08:19+00:00\" \/>\n<meta name=\"twitter:card\" content=\"summary_large_image\" \/>\n<meta name=\"twitter:label1\" content=\"Est. reading time\" \/>\n\t<meta name=\"twitter:data1\" content=\"2 minutes\" \/>\n<script type=\"application\/ld+json\" class=\"yoast-schema-graph\">{\"@context\":\"https:\/\/schema.org\",\"@graph\":[{\"@type\":\"WebSite\",\"@id\":\"https:\/\/vinosnavarra.com\/#website\",\"url\":\"https:\/\/vinosnavarra.com\/\",\"name\":\"vinosnavarra.com\",\"description\":\"Otro sitio realizado con WordPress\",\"potentialAction\":[{\"@type\":\"SearchAction\",\"target\":\"https:\/\/vinosnavarra.com\/?s={search_term_string}\",\"query-input\":\"required name=search_term_string\"}],\"inLanguage\":\"en-US\"},{\"@type\":\"WebPage\",\"@id\":\"https:\/\/vinosnavarra.com\/en\/navarra-wines\/#webpage\",\"url\":\"https:\/\/vinosnavarra.com\/en\/navarra-wines\/\",\"name\":\"Navarra Wines: Navarre, land of vineyards and wines diversity.\",\"isPartOf\":{\"@id\":\"https:\/\/vinosnavarra.com\/#website\"},\"datePublished\":\"2021-05-24T07:49:39+00:00\",\"dateModified\":\"2026-02-23T17:08:19+00:00\",\"description\":\"Navarra Wines: Navarre, land of vineyards and wines diversity, offers to the market a high range of quality wines.\",\"breadcrumb\":{\"@id\":\"https:\/\/vinosnavarra.com\/en\/navarra-wines\/#breadcrumb\"},\"inLanguage\":\"en-US\",\"potentialAction\":[{\"@type\":\"ReadAction\",\"target\":[\"https:\/\/vinosnavarra.com\/en\/navarra-wines\/\"]}]},{\"@type\":\"BreadcrumbList\",\"@id\":\"https:\/\/vinosnavarra.com\/en\/navarra-wines\/#breadcrumb\",\"itemListElement\":[{\"@type\":\"ListItem\",\"position\":1,\"name\":\"Portada\",\"item\":\"https:\/\/vinosnavarra.com\/en\/\"},{\"@type\":\"ListItem\",\"position\":2,\"name\":\"Navarra Wines\"}]}]}<\/script>\n<!-- \/ Yoast SEO plugin. -->","_links":{"self":[{"href":"https:\/\/vinosnavarra.com\/en\/wp-json\/wp\/v2\/pages\/32898"}],"collection":[{"href":"https:\/\/vinosnavarra.com\/en\/wp-json\/wp\/v2\/pages"}],"about":[{"href":"https:\/\/vinosnavarra.com\/en\/wp-json\/wp\/v2\/types\/page"}],"author":[{"embeddable":true,"href":"https:\/\/vinosnavarra.com\/en\/wp-json\/wp\/v2\/users\/1"}],"replies":[{"embeddable":true,"href":"https:\/\/vinosnavarra.com\/en\/wp-json\/wp\/v2\/comments?post=32898"}],"version-history":[{"count":32,"href":"https:\/\/vinosnavarra.com\/en\/wp-json\/wp\/v2\/pages\/32898\/revisions"}],"predecessor-version":[{"id":34732,"href":"https:\/\/vinosnavarra.com\/en\/wp-json\/wp\/v2\/pages\/32898\/revisions\/34732"}],"wp:attachment":[{"href":"https:\/\/vinosnavarra.com\/en\/wp-json\/wp\/v2\/media?parent=32898"}],"curies":[{"name":"wp","href":"https:\/\/api.w.org\/{rel}","templated":true}]}}